{"id":1599,"date":"2024-11-16T12:00:48","date_gmt":"2024-11-16T11:00:48","guid":{"rendered":"https:\/\/goldeneschildkroete.ch\/?page_id=1599"},"modified":"2025-05-20T16:43:31","modified_gmt":"2025-05-20T14:43:31","slug":"conseil","status":"publish","type":"page","link":"https:\/\/goldeneschildkroete.ch\/fr\/conseil\/","title":{"rendered":"Conseil"},"content":{"rendered":"<section class=\"wham-block-section\">\n    <div class=\"section-inner size-medium\">\n         <div class=\"acf-innerblocks-container\">\n\n<p>Le comit\u00e9 directeur repr\u00e9sente l&rsquo;association \u00e0 l&rsquo;ext\u00e9rieur et g\u00e8re les affaires courantes. Il dispose de toutes les comp\u00e9tences qui ne sont pas attribu\u00e9es \u00e0 un autre organe par la loi ou les statuts.<\/p>\n\n\n\n<p>Le comit\u00e9 directeur se constitue lui-m\u00eame. Il \u00e9lit son pr\u00e9sident et d\u00e9termine les droits de signature de ses membres.<\/p>\n\n\n\n<p>Le comit\u00e9 directeur d\u00e9cide de l&rsquo;octroi de soutiens financiers sur la base de demandes soumises par ses propres membres ou par des tiers. Les demandes doivent \u00eatre conformes aux objectifs de l&rsquo;association.<\/p>\n\n\n\n<p>Le comit\u00e9 directeur \u00e9lit et d\u00e9cerne une fois par an la distinction Tortue d&rsquo;or. La Tortue d&rsquo;or r\u00e9compense les personnes qui ont rempli les objectifs de l&rsquo;association par des prestations extraordinaires. Le prix est dot\u00e9 de 3&rsquo;000 CHF. La Tortue d&rsquo;or doit rappeler l&rsquo;engagement b\u00e9n\u00e9vole de Tanja Eberh\u00f6fer.<\/p>\n\n\n\n<p>Le comit\u00e9 est libre de d\u00e9finir d&rsquo;autres distinctions. Les distinctions doivent correspondre au but de l&rsquo;association.<\/p>\n\n<\/div>\n    <\/div>\n<\/section>\n\n<section class=\"wham-block-section\">\n    <div class=\"section-inner size-medium\">\n         <div class=\"acf-innerblocks-container\">\n\n<div class=\"wp-block-media-text is-stacked-on-mobile is-image-fill-element\" style=\"grid-template-columns:45% auto\"><figure class=\"wp-block-media-text__media\"><img loading=\"lazy\" decoding=\"async\" width=\"672\" height=\"448\" src=\"https:\/\/goldeneschildkroete.ch\/wp-content\/uploads\/2025\/01\/Dani-und-Tanja-3-2-1.jpg\" alt=\"\" class=\"wp-image-878 size-full\" style=\"object-position:50% 50%\" srcset=\"https:\/\/goldeneschildkroete.ch\/wp-content\/uploads\/2025\/01\/Dani-und-Tanja-3-2-1.jpg 672w, https:\/\/goldeneschildkroete.ch\/wp-content\/uploads\/2025\/01\/Dani-und-Tanja-3-2-1-300x200.jpg 300w\" sizes=\"auto, (max-width: 672px) 100vw, 672px\" \/><\/figure><div class=\"wp-block-media-text__content\">\n<h2 class=\"wp-block-heading\">Daniel Bareiss<\/h2>\n\n\n\n<p>Daniel \u00e9tait le partenaire de Tanja et est engag\u00e9 dans l&rsquo;unihockey depuis plus de 40 ans. Depuis 2012, il est pr\u00e9sident central de swiss unihockey.<\/p>\n<\/div><\/div>\n\n\n\n<div class=\"wp-block-media-text is-stacked-on-mobile is-image-fill-element\" style=\"grid-template-columns:45% auto\"><figure class=\"wp-block-media-text__media\"><img loading=\"lazy\" decoding=\"async\" width=\"872\" height=\"582\" src=\"https:\/\/goldeneschildkroete.ch\/wp-content\/uploads\/2025\/01\/Marco-und-Tanja-3-2.png\" alt=\"\" class=\"wp-image-907 size-full\" style=\"object-position:50% 50%\" srcset=\"https:\/\/goldeneschildkroete.ch\/wp-content\/uploads\/2025\/01\/Marco-und-Tanja-3-2.png 872w, https:\/\/goldeneschildkroete.ch\/wp-content\/uploads\/2025\/01\/Marco-und-Tanja-3-2-300x200.png 300w, https:\/\/goldeneschildkroete.ch\/wp-content\/uploads\/2025\/01\/Marco-und-Tanja-3-2-768x513.png 768w\" sizes=\"auto, (max-width: 872px) 100vw, 872px\" \/><\/figure><div class=\"wp-block-media-text__content\">\n<h2 class=\"wp-block-heading\">Marco Eberh\u00f6fer<\/h2>\n\n\n\n<p>Marco \u00e9tait le fr\u00e8re de Tanja, p\u00e8re de trois gar\u00e7ons et actif dans l&rsquo;unihockey presque aussi longtemps que Dani. Il a fortement contribu\u00e9 \u00e0 la cr\u00e9ation de l&rsquo;association d&rsquo;unihockey Red Devils March-H\u00f6fe.<\/p>\n<\/div><\/div>\n\n\n\n<div class=\"wp-block-media-text is-stacked-on-mobile is-image-fill-element\" style=\"grid-template-columns:45% auto\"><figure class=\"wp-block-media-text__media\"><img loading=\"lazy\" decoding=\"async\" width=\"1014\" height=\"677\" src=\"https:\/\/goldeneschildkroete.ch\/wp-content\/uploads\/2025\/01\/Andrea-und-Tanja-3-2.jpg\" alt=\"\" class=\"wp-image-880 size-full\" style=\"object-position:50% 50%\" srcset=\"https:\/\/goldeneschildkroete.ch\/wp-content\/uploads\/2025\/01\/Andrea-und-Tanja-3-2.jpg 1014w, https:\/\/goldeneschildkroete.ch\/wp-content\/uploads\/2025\/01\/Andrea-und-Tanja-3-2-300x200.jpg 300w, https:\/\/goldeneschildkroete.ch\/wp-content\/uploads\/2025\/01\/Andrea-und-Tanja-3-2-768x513.jpg 768w\" sizes=\"auto, (max-width: 1014px) 100vw, 1014px\" \/><\/figure><div class=\"wp-block-media-text__content\">\n<h2 class=\"wp-block-heading\">Andrea Eberh\u00f6fer<\/h2>\n\n\n\n<p>Andrea est l&rsquo;\u00e9pouse de Marco et la belle-s\u0153ur de Tanja. L&rsquo;a\u00een\u00e9 de leurs trois enfants, Niklas, est le filleul de Tanja. Severin et Florian, sont des joueurs de unihockey passionn\u00e9s.<\/p>\n<\/div><\/div>\n\n\n\n<div class=\"wp-block-media-text is-stacked-on-mobile is-image-fill-element\" style=\"grid-template-columns:45% auto\"><figure class=\"wp-block-media-text__media\"><img loading=\"lazy\" decoding=\"async\" width=\"1024\" height=\"683\" src=\"https:\/\/goldeneschildkroete.ch\/wp-content\/uploads\/2025\/01\/Tanja-und-Johan-3-2-1-1024x683.jpg\" alt=\"\" class=\"wp-image-886 size-full\" style=\"object-position:50% 50%\" srcset=\"https:\/\/goldeneschildkroete.ch\/wp-content\/uploads\/2025\/01\/Tanja-und-Johan-3-2-1-1024x683.jpg 1024w, https:\/\/goldeneschildkroete.ch\/wp-content\/uploads\/2025\/01\/Tanja-und-Johan-3-2-1-300x200.jpg 300w, https:\/\/goldeneschildkroete.ch\/wp-content\/uploads\/2025\/01\/Tanja-und-Johan-3-2-1-768x512.jpg 768w, https:\/\/goldeneschildkroete.ch\/wp-content\/uploads\/2025\/01\/Tanja-und-Johan-3-2-1.jpg 1180w\" sizes=\"auto, (max-width: 1024px) 100vw, 1024px\" \/><\/figure><div class=\"wp-block-media-text__content\">\n<h2 class=\"wp-block-heading\">Johan Adin<\/h2>\n\n\n\n<p>Johan est l&rsquo;un des meilleurs amis de Dani.Il a jou\u00e9 deux saisons chez les hard sticks adliswil entre 1985 et 1987.Johan \u00e9tait aussi un tr\u00e8s bon ami de Tanja.<\/p>\n<\/div><\/div>\n\n\n\n<div class=\"wp-block-media-text is-stacked-on-mobile is-image-fill-element\" style=\"grid-template-columns:45% auto\"><figure class=\"wp-block-media-text__media\"><img loading=\"lazy\" decoding=\"async\" width=\"604\" height=\"604\" src=\"https:\/\/goldeneschildkroete.ch\/wp-content\/uploads\/2025\/01\/Karin-und-Tanja.jpg\" alt=\"\" class=\"wp-image-833 size-full\" style=\"object-position:50% 50%\" srcset=\"https:\/\/goldeneschildkroete.ch\/wp-content\/uploads\/2025\/01\/Karin-und-Tanja.jpg 604w, https:\/\/goldeneschildkroete.ch\/wp-content\/uploads\/2025\/01\/Karin-und-Tanja-300x300.jpg 300w, https:\/\/goldeneschildkroete.ch\/wp-content\/uploads\/2025\/01\/Karin-und-Tanja-150x150.jpg 150w\" sizes=\"auto, (max-width: 604px) 100vw, 604px\" \/><\/figure><div class=\"wp-block-media-text__content\">\n<h2 class=\"wp-block-heading\">Karin Stoll<\/h2>\n\n\n\n<p>Karin \u00e9tait la meilleure amie de Tanja.Elle lui a apport\u00e9 une force et un soutien incroyables au cours des derniers mois.Karin a jou\u00e9 au unihockey avec Tanja \u00e0 Adliswil, puis \u00e0 Rotkreuz. Depuis 2024, elle est vice-pr\u00e9sidente de la ligue r\u00e9gionale de swiss unihockey.<\/p>\n<\/div><\/div>\n\n\n\n<p><\/p>\n\n<\/div>\n    <\/div>\n<\/section>\n\n<section class=\"wham-block-section\">\n    <div class=\"section-inner size-medium\">\n         <div class=\"acf-innerblocks-container\">\n<div class=\"teaser\">\n    <div class=\"teaser__wrapper\">\n        <div class=\"teaser__header\">\n            <h2>Comment pouvons-nous t\u2019aider ?<\/h2>\n        <\/div>\n        <div class=\"teaser__inner\">\n            <div class=\"teaser__left\">\n                <h4>Contact<\/h4>\n                <p>Contacte-nous pour obtenir de l\u2019aide ou pour clarifier tes questions.<\/p>\n                <div class=\"buttons\">\n                    <div class=\"button\">\n                        <a href=\"1548\" class=\"button__link\" aria-label=\"Zur Seite Contact\">\n                            Contact\n                        <\/a>\n                    <\/div>\n                <\/div>\n            <\/div>\n            <div class=\"teaser__spacer\"><\/div>\n            <div class=\"teaser__right\">\n                <h4>FAQ<\/h4>\n                <p>Parcourez notre FAQ pour trouver les r\u00e9ponses aux questions les plus fr\u00e9quemment pos\u00e9es.<\/p>\n                <div class=\"buttons\">\n                    <div class=\"button outline\">\n                        <a href=\"1546\" class=\"button__link\" aria-label=\"Zur Seite FAQ\">\n                            FAQ\n                        <\/a>\n                    <\/div>\n                <\/div>\n            <\/div>\n        <\/div>\n    <\/div>\n<\/div>\n\n<\/div>\n    <\/div>\n<\/section>","protected":false},"excerpt":{"rendered":"","protected":false},"author":1,"featured_media":0,"parent":0,"menu_order":0,"comment_status":"closed","ping_status":"closed","template":"","meta":{"_acf_changed":false,"footnotes":""},"class_list":["post-1599","page","type-page","status-publish","hentry"],"acf":[],"yoast_head":"<!-- This site is optimized with the Yoast SEO plugin v25.9 - https:\/\/yoast.com\/wordpress\/plugins\/seo\/ -->\n<title>Conseil - Goldene Schildkr\u00f6te<\/title>\n<meta name=\"robots\" content=\"index, follow, max-snippet:-1, max-image-preview:large, max-video-preview:-1\" \/>\n<link rel=\"canonical\" href=\"https:\/\/goldeneschildkroete.ch\/fr\/conseil\/\" \/>\n<meta property=\"og:locale\" content=\"fr_FR\" \/>\n<meta property=\"og:type\" content=\"article\" \/>\n<meta property=\"og:title\" content=\"Conseil - Goldene Schildkr\u00f6te\" \/>\n<meta property=\"og:url\" content=\"https:\/\/goldeneschildkroete.ch\/fr\/conseil\/\" \/>\n<meta property=\"og:site_name\" content=\"Goldene Schildkr\u00f6te\" \/>\n<meta property=\"article:modified_time\" content=\"2025-05-20T14:43:31+00:00\" \/>\n<meta property=\"og:image\" content=\"https:\/\/goldeneschildkroete.ch\/wp-content\/uploads\/2025\/01\/Dani-und-Tanja-3-2-1.jpg\" \/>\n\t<meta property=\"og:image:width\" content=\"672\" \/>\n\t<meta property=\"og:image:height\" content=\"448\" \/>\n\t<meta property=\"og:image:type\" content=\"image\/jpeg\" \/>\n<meta name=\"twitter:card\" content=\"summary_large_image\" \/>\n<meta name=\"twitter:label1\" content=\"Dur\u00e9e de lecture estim\u00e9e\" \/>\n\t<meta name=\"twitter:data1\" content=\"3 minutes\" \/>\n<script type=\"application\/ld+json\" class=\"yoast-schema-graph\">{\"@context\":\"https:\/\/schema.org\",\"@graph\":[{\"@type\":\"WebPage\",\"@id\":\"https:\/\/goldeneschildkroete.ch\/fr\/conseil\/\",\"url\":\"https:\/\/goldeneschildkroete.ch\/fr\/conseil\/\",\"name\":\"Conseil - Goldene Schildkr\u00f6te\",\"isPartOf\":{\"@id\":\"https:\/\/goldeneschildkroete.ch\/fr\/#website\"},\"primaryImageOfPage\":{\"@id\":\"https:\/\/goldeneschildkroete.ch\/fr\/conseil\/#primaryimage\"},\"image\":{\"@id\":\"https:\/\/goldeneschildkroete.ch\/fr\/conseil\/#primaryimage\"},\"thumbnailUrl\":\"https:\/\/goldeneschildkroete.ch\/wp-content\/uploads\/2025\/01\/Dani-und-Tanja-3-2-1.jpg\",\"datePublished\":\"2024-11-16T11:00:48+00:00\",\"dateModified\":\"2025-05-20T14:43:31+00:00\",\"breadcrumb\":{\"@id\":\"https:\/\/goldeneschildkroete.ch\/fr\/conseil\/#breadcrumb\"},\"inLanguage\":\"fr-FR\",\"potentialAction\":[{\"@type\":\"ReadAction\",\"target\":[\"https:\/\/goldeneschildkroete.ch\/fr\/conseil\/\"]}]},{\"@type\":\"ImageObject\",\"inLanguage\":\"fr-FR\",\"@id\":\"https:\/\/goldeneschildkroete.ch\/fr\/conseil\/#primaryimage\",\"url\":\"https:\/\/goldeneschildkroete.ch\/wp-content\/uploads\/2025\/01\/Dani-und-Tanja-3-2-1.jpg\",\"contentUrl\":\"https:\/\/goldeneschildkroete.ch\/wp-content\/uploads\/2025\/01\/Dani-und-Tanja-3-2-1.jpg\"},{\"@type\":\"BreadcrumbList\",\"@id\":\"https:\/\/goldeneschildkroete.ch\/fr\/conseil\/#breadcrumb\",\"itemListElement\":[{\"@type\":\"ListItem\",\"position\":1,\"name\":\"Startseite\",\"item\":\"https:\/\/goldeneschildkroete.ch\/fr\/\"},{\"@type\":\"ListItem\",\"position\":2,\"name\":\"Conseil\"}]},{\"@type\":\"WebSite\",\"@id\":\"https:\/\/goldeneschildkroete.ch\/fr\/#website\",\"url\":\"https:\/\/goldeneschildkroete.ch\/fr\/\",\"name\":\"Goldene Schildkr\u00f6te\",\"description\":\"\",\"publisher\":{\"@id\":\"https:\/\/goldeneschildkroete.ch\/fr\/#organization\"},\"potentialAction\":[{\"@type\":\"SearchAction\",\"target\":{\"@type\":\"EntryPoint\",\"urlTemplate\":\"https:\/\/goldeneschildkroete.ch\/fr\/?s={search_term_string}\"},\"query-input\":{\"@type\":\"PropertyValueSpecification\",\"valueRequired\":true,\"valueName\":\"search_term_string\"}}],\"inLanguage\":\"fr-FR\"},{\"@type\":\"Organization\",\"@id\":\"https:\/\/goldeneschildkroete.ch\/fr\/#organization\",\"name\":\"Goldene Schildkr\u00f6te\",\"url\":\"https:\/\/goldeneschildkroete.ch\/fr\/\",\"logo\":{\"@type\":\"ImageObject\",\"inLanguage\":\"fr-FR\",\"@id\":\"https:\/\/goldeneschildkroete.ch\/fr\/#\/schema\/logo\/image\/\",\"url\":\"https:\/\/goldeneschildkroete.ch\/wp-content\/uploads\/2024\/11\/Goldene-Schildkroete_POS_1F_RGB_100.svg\",\"contentUrl\":\"https:\/\/goldeneschildkroete.ch\/wp-content\/uploads\/2024\/11\/Goldene-Schildkroete_POS_1F_RGB_100.svg\",\"caption\":\"Goldene Schildkr\u00f6te\"},\"image\":{\"@id\":\"https:\/\/goldeneschildkroete.ch\/fr\/#\/schema\/logo\/image\/\"}}]}<\/script>\n<!-- \/ Yoast SEO plugin. -->","yoast_head_json":{"title":"Conseil - Goldene Schildkr\u00f6te","robots":{"index":"index","follow":"follow","max-snippet":"max-snippet:-1","max-image-preview":"max-image-preview:large","max-video-preview":"max-video-preview:-1"},"canonical":"https:\/\/goldeneschildkroete.ch\/fr\/conseil\/","og_locale":"fr_FR","og_type":"article","og_title":"Conseil - Goldene Schildkr\u00f6te","og_url":"https:\/\/goldeneschildkroete.ch\/fr\/conseil\/","og_site_name":"Goldene Schildkr\u00f6te","article_modified_time":"2025-05-20T14:43:31+00:00","og_image":[{"width":672,"height":448,"url":"https:\/\/goldeneschildkroete.ch\/wp-content\/uploads\/2025\/01\/Dani-und-Tanja-3-2-1.jpg","type":"image\/jpeg"}],"twitter_card":"summary_large_image","twitter_misc":{"Dur\u00e9e de lecture estim\u00e9e":"3 minutes"},"schema":{"@context":"https:\/\/schema.org","@graph":[{"@type":"WebPage","@id":"https:\/\/goldeneschildkroete.ch\/fr\/conseil\/","url":"https:\/\/goldeneschildkroete.ch\/fr\/conseil\/","name":"Conseil - Goldene Schildkr\u00f6te","isPartOf":{"@id":"https:\/\/goldeneschildkroete.ch\/fr\/#website"},"primaryImageOfPage":{"@id":"https:\/\/goldeneschildkroete.ch\/fr\/conseil\/#primaryimage"},"image":{"@id":"https:\/\/goldeneschildkroete.ch\/fr\/conseil\/#primaryimage"},"thumbnailUrl":"https:\/\/goldeneschildkroete.ch\/wp-content\/uploads\/2025\/01\/Dani-und-Tanja-3-2-1.jpg","datePublished":"2024-11-16T11:00:48+00:00","dateModified":"2025-05-20T14:43:31+00:00","breadcrumb":{"@id":"https:\/\/goldeneschildkroete.ch\/fr\/conseil\/#breadcrumb"},"inLanguage":"fr-FR","potentialAction":[{"@type":"ReadAction","target":["https:\/\/goldeneschildkroete.ch\/fr\/conseil\/"]}]},{"@type":"ImageObject","inLanguage":"fr-FR","@id":"https:\/\/goldeneschildkroete.ch\/fr\/conseil\/#primaryimage","url":"https:\/\/goldeneschildkroete.ch\/wp-content\/uploads\/2025\/01\/Dani-und-Tanja-3-2-1.jpg","contentUrl":"https:\/\/goldeneschildkroete.ch\/wp-content\/uploads\/2025\/01\/Dani-und-Tanja-3-2-1.jpg"},{"@type":"BreadcrumbList","@id":"https:\/\/goldeneschildkroete.ch\/fr\/conseil\/#breadcrumb","itemListElement":[{"@type":"ListItem","position":1,"name":"Startseite","item":"https:\/\/goldeneschildkroete.ch\/fr\/"},{"@type":"ListItem","position":2,"name":"Conseil"}]},{"@type":"WebSite","@id":"https:\/\/goldeneschildkroete.ch\/fr\/#website","url":"https:\/\/goldeneschildkroete.ch\/fr\/","name":"Goldene Schildkr\u00f6te","description":"","publisher":{"@id":"https:\/\/goldeneschildkroete.ch\/fr\/#organization"},"potentialAction":[{"@type":"SearchAction","target":{"@type":"EntryPoint","urlTemplate":"https:\/\/goldeneschildkroete.ch\/fr\/?s={search_term_string}"},"query-input":{"@type":"PropertyValueSpecification","valueRequired":true,"valueName":"search_term_string"}}],"inLanguage":"fr-FR"},{"@type":"Organization","@id":"https:\/\/goldeneschildkroete.ch\/fr\/#organization","name":"Goldene Schildkr\u00f6te","url":"https:\/\/goldeneschildkroete.ch\/fr\/","logo":{"@type":"ImageObject","inLanguage":"fr-FR","@id":"https:\/\/goldeneschildkroete.ch\/fr\/#\/schema\/logo\/image\/","url":"https:\/\/goldeneschildkroete.ch\/wp-content\/uploads\/2024\/11\/Goldene-Schildkroete_POS_1F_RGB_100.svg","contentUrl":"https:\/\/goldeneschildkroete.ch\/wp-content\/uploads\/2024\/11\/Goldene-Schildkroete_POS_1F_RGB_100.svg","caption":"Goldene Schildkr\u00f6te"},"image":{"@id":"https:\/\/goldeneschildkroete.ch\/fr\/#\/schema\/logo\/image\/"}}]}},"_links":{"self":[{"href":"https:\/\/goldeneschildkroete.ch\/fr\/wp-json\/wp\/v2\/pages\/1599","targetHints":{"allow":["GET"]}}],"collection":[{"href":"https:\/\/goldeneschildkroete.ch\/fr\/wp-json\/wp\/v2\/pages"}],"about":[{"href":"https:\/\/goldeneschildkroete.ch\/fr\/wp-json\/wp\/v2\/types\/page"}],"author":[{"embeddable":true,"href":"https:\/\/goldeneschildkroete.ch\/fr\/wp-json\/wp\/v2\/users\/1"}],"replies":[{"embeddable":true,"href":"https:\/\/goldeneschildkroete.ch\/fr\/wp-json\/wp\/v2\/comments?post=1599"}],"version-history":[{"count":2,"href":"https:\/\/goldeneschildkroete.ch\/fr\/wp-json\/wp\/v2\/pages\/1599\/revisions"}],"predecessor-version":[{"id":1663,"href":"https:\/\/goldeneschildkroete.ch\/fr\/wp-json\/wp\/v2\/pages\/1599\/revisions\/1663"}],"wp:attachment":[{"href":"https:\/\/goldeneschildkroete.ch\/fr\/wp-json\/wp\/v2\/media?parent=1599"}],"curies":[{"name":"wp","href":"https:\/\/api.w.org\/{rel}","templated":true}]}}