{"id":1590,"date":"2024-11-26T22:17:57","date_gmt":"2024-11-26T21:17:57","guid":{"rendered":"https:\/\/goldeneschildkroete.ch\/?page_id=1590"},"modified":"2025-07-08T14:09:44","modified_gmt":"2025-07-08T12:09:44","slug":"soumettre-un-projet","status":"publish","type":"page","link":"https:\/\/goldeneschildkroete.ch\/fr\/soumettre-un-projet\/","title":{"rendered":"Soumettre un projet"},"content":{"rendered":"<section class=\"wham-block-section\">\n    <div class=\"section-inner size-full\">\n         <div class=\"acf-innerblocks-container\">\n\n<div class=\"wp-block-columns is-layout-flex wp-container-core-columns-is-layout-9d6595d7 wp-block-columns-is-layout-flex\">\n<div class=\"wp-block-column is-layout-flow wp-block-column-is-layout-flow\">\n<div class=\"card\">\n            <div class=\"card__wrapper\">\n                        <div class=\"card__body\">\n                <div class=\"card__inner\">\n                    <h3>Promotion du b\u00e9n\u00e9volat<\/h3>\n                    <p>Avec ton id\u00e9e \/ ton projet, tu encourages et d\u00e9veloppes le b\u00e9n\u00e9volat dans l&rsquo;unihockey suisse.<\/p>\n                <\/div>\n                            <\/div>\n        <\/div>\n    <\/div><\/div>\n\n\n\n<div class=\"wp-block-column is-layout-flow wp-block-column-is-layout-flow\">\n<div class=\"card\">\n            <div class=\"card__wrapper\">\n                        <div class=\"card__body\">\n                <div class=\"card__inner\">\n                    <h3>min. 50% de prst. propres<\/h3>\n                    <p>Ton id\u00e9e\/projet est financ\u00e9 au minimum \u00e0 50 % par des fonds propres. Les ressources b\u00e9n\u00e9voles sont \u00e9galement consid\u00e9r\u00e9es comme des ressources propres.<\/p>\n                <\/div>\n                            <\/div>\n        <\/div>\n    <\/div><\/div>\n\n\n\n<div class=\"wp-block-column is-layout-flow wp-block-column-is-layout-flow\">\n<div class=\"card\">\n            <div class=\"card__wrapper\">\n                        <div class=\"card__body\">\n                <div class=\"card__inner\">\n                    <h3>Motivation et conviction<\/h3>\n                    <p>Vous \u00eates confiant et motiv\u00e9 pour mener \u00e0 bien ce projet.<\/p>\n                <\/div>\n                            <\/div>\n        <\/div>\n    <\/div><\/div>\n<\/div>\n\n<\/div>\n    <\/div>\n<\/section>","protected":false},"excerpt":{"rendered":"","protected":false},"author":1,"featured_media":0,"parent":0,"menu_order":0,"comment_status":"closed","ping_status":"closed","template":"","meta":{"_acf_changed":false,"footnotes":""},"class_list":["post-1590","page","type-page","status-publish","hentry"],"acf":[],"yoast_head":"<!-- This site is optimized with the Yoast SEO plugin v25.9 - https:\/\/yoast.com\/wordpress\/plugins\/seo\/ -->\n<title>Soumettre un projet - Goldene Schildkr\u00f6te<\/title>\n<meta name=\"robots\" content=\"index, follow, max-snippet:-1, max-image-preview:large, max-video-preview:-1\" \/>\n<link rel=\"canonical\" href=\"https:\/\/goldeneschildkroete.ch\/fr\/soumettre-un-projet\/\" \/>\n<meta property=\"og:locale\" content=\"fr_FR\" \/>\n<meta property=\"og:type\" content=\"article\" \/>\n<meta property=\"og:title\" content=\"Soumettre un projet - Goldene Schildkr\u00f6te\" \/>\n<meta property=\"og:url\" content=\"https:\/\/goldeneschildkroete.ch\/fr\/soumettre-un-projet\/\" \/>\n<meta property=\"og:site_name\" content=\"Goldene Schildkr\u00f6te\" \/>\n<meta property=\"article:modified_time\" content=\"2025-07-08T12:09:44+00:00\" \/>\n<meta name=\"twitter:card\" content=\"summary_large_image\" \/>\n<script type=\"application\/ld+json\" class=\"yoast-schema-graph\">{\"@context\":\"https:\/\/schema.org\",\"@graph\":[{\"@type\":\"WebPage\",\"@id\":\"https:\/\/goldeneschildkroete.ch\/fr\/soumettre-un-projet\/\",\"url\":\"https:\/\/goldeneschildkroete.ch\/fr\/soumettre-un-projet\/\",\"name\":\"Soumettre un projet - Goldene Schildkr\u00f6te\",\"isPartOf\":{\"@id\":\"https:\/\/goldeneschildkroete.ch\/fr\/#website\"},\"datePublished\":\"2024-11-26T21:17:57+00:00\",\"dateModified\":\"2025-07-08T12:09:44+00:00\",\"breadcrumb\":{\"@id\":\"https:\/\/goldeneschildkroete.ch\/fr\/soumettre-un-projet\/#breadcrumb\"},\"inLanguage\":\"fr-FR\",\"potentialAction\":[{\"@type\":\"ReadAction\",\"target\":[\"https:\/\/goldeneschildkroete.ch\/fr\/soumettre-un-projet\/\"]}]},{\"@type\":\"BreadcrumbList\",\"@id\":\"https:\/\/goldeneschildkroete.ch\/fr\/soumettre-un-projet\/#breadcrumb\",\"itemListElement\":[{\"@type\":\"ListItem\",\"position\":1,\"name\":\"Startseite\",\"item\":\"https:\/\/goldeneschildkroete.ch\/fr\/\"},{\"@type\":\"ListItem\",\"position\":2,\"name\":\"Soumettre un projet\"}]},{\"@type\":\"WebSite\",\"@id\":\"https:\/\/goldeneschildkroete.ch\/fr\/#website\",\"url\":\"https:\/\/goldeneschildkroete.ch\/fr\/\",\"name\":\"Goldene Schildkr\u00f6te\",\"description\":\"\",\"publisher\":{\"@id\":\"https:\/\/goldeneschildkroete.ch\/fr\/#organization\"},\"potentialAction\":[{\"@type\":\"SearchAction\",\"target\":{\"@type\":\"EntryPoint\",\"urlTemplate\":\"https:\/\/goldeneschildkroete.ch\/fr\/?s={search_term_string}\"},\"query-input\":{\"@type\":\"PropertyValueSpecification\",\"valueRequired\":true,\"valueName\":\"search_term_string\"}}],\"inLanguage\":\"fr-FR\"},{\"@type\":\"Organization\",\"@id\":\"https:\/\/goldeneschildkroete.ch\/fr\/#organization\",\"name\":\"Goldene Schildkr\u00f6te\",\"url\":\"https:\/\/goldeneschildkroete.ch\/fr\/\",\"logo\":{\"@type\":\"ImageObject\",\"inLanguage\":\"fr-FR\",\"@id\":\"https:\/\/goldeneschildkroete.ch\/fr\/#\/schema\/logo\/image\/\",\"url\":\"https:\/\/goldeneschildkroete.ch\/wp-content\/uploads\/2024\/11\/Goldene-Schildkroete_POS_1F_RGB_100.svg\",\"contentUrl\":\"https:\/\/goldeneschildkroete.ch\/wp-content\/uploads\/2024\/11\/Goldene-Schildkroete_POS_1F_RGB_100.svg\",\"caption\":\"Goldene Schildkr\u00f6te\"},\"image\":{\"@id\":\"https:\/\/goldeneschildkroete.ch\/fr\/#\/schema\/logo\/image\/\"}}]}<\/script>\n<!-- \/ Yoast SEO plugin. -->","yoast_head_json":{"title":"Soumettre un projet - Goldene Schildkr\u00f6te","robots":{"index":"index","follow":"follow","max-snippet":"max-snippet:-1","max-image-preview":"max-image-preview:large","max-video-preview":"max-video-preview:-1"},"canonical":"https:\/\/goldeneschildkroete.ch\/fr\/soumettre-un-projet\/","og_locale":"fr_FR","og_type":"article","og_title":"Soumettre un projet - Goldene Schildkr\u00f6te","og_url":"https:\/\/goldeneschildkroete.ch\/fr\/soumettre-un-projet\/","og_site_name":"Goldene Schildkr\u00f6te","article_modified_time":"2025-07-08T12:09:44+00:00","twitter_card":"summary_large_image","schema":{"@context":"https:\/\/schema.org","@graph":[{"@type":"WebPage","@id":"https:\/\/goldeneschildkroete.ch\/fr\/soumettre-un-projet\/","url":"https:\/\/goldeneschildkroete.ch\/fr\/soumettre-un-projet\/","name":"Soumettre un projet - Goldene Schildkr\u00f6te","isPartOf":{"@id":"https:\/\/goldeneschildkroete.ch\/fr\/#website"},"datePublished":"2024-11-26T21:17:57+00:00","dateModified":"2025-07-08T12:09:44+00:00","breadcrumb":{"@id":"https:\/\/goldeneschildkroete.ch\/fr\/soumettre-un-projet\/#breadcrumb"},"inLanguage":"fr-FR","potentialAction":[{"@type":"ReadAction","target":["https:\/\/goldeneschildkroete.ch\/fr\/soumettre-un-projet\/"]}]},{"@type":"BreadcrumbList","@id":"https:\/\/goldeneschildkroete.ch\/fr\/soumettre-un-projet\/#breadcrumb","itemListElement":[{"@type":"ListItem","position":1,"name":"Startseite","item":"https:\/\/goldeneschildkroete.ch\/fr\/"},{"@type":"ListItem","position":2,"name":"Soumettre un projet"}]},{"@type":"WebSite","@id":"https:\/\/goldeneschildkroete.ch\/fr\/#website","url":"https:\/\/goldeneschildkroete.ch\/fr\/","name":"Goldene Schildkr\u00f6te","description":"","publisher":{"@id":"https:\/\/goldeneschildkroete.ch\/fr\/#organization"},"potentialAction":[{"@type":"SearchAction","target":{"@type":"EntryPoint","urlTemplate":"https:\/\/goldeneschildkroete.ch\/fr\/?s={search_term_string}"},"query-input":{"@type":"PropertyValueSpecification","valueRequired":true,"valueName":"search_term_string"}}],"inLanguage":"fr-FR"},{"@type":"Organization","@id":"https:\/\/goldeneschildkroete.ch\/fr\/#organization","name":"Goldene Schildkr\u00f6te","url":"https:\/\/goldeneschildkroete.ch\/fr\/","logo":{"@type":"ImageObject","inLanguage":"fr-FR","@id":"https:\/\/goldeneschildkroete.ch\/fr\/#\/schema\/logo\/image\/","url":"https:\/\/goldeneschildkroete.ch\/wp-content\/uploads\/2024\/11\/Goldene-Schildkroete_POS_1F_RGB_100.svg","contentUrl":"https:\/\/goldeneschildkroete.ch\/wp-content\/uploads\/2024\/11\/Goldene-Schildkroete_POS_1F_RGB_100.svg","caption":"Goldene Schildkr\u00f6te"},"image":{"@id":"https:\/\/goldeneschildkroete.ch\/fr\/#\/schema\/logo\/image\/"}}]}},"_links":{"self":[{"href":"https:\/\/goldeneschildkroete.ch\/fr\/wp-json\/wp\/v2\/pages\/1590","targetHints":{"allow":["GET"]}}],"collection":[{"href":"https:\/\/goldeneschildkroete.ch\/fr\/wp-json\/wp\/v2\/pages"}],"about":[{"href":"https:\/\/goldeneschildkroete.ch\/fr\/wp-json\/wp\/v2\/types\/page"}],"author":[{"embeddable":true,"href":"https:\/\/goldeneschildkroete.ch\/fr\/wp-json\/wp\/v2\/users\/1"}],"replies":[{"embeddable":true,"href":"https:\/\/goldeneschildkroete.ch\/fr\/wp-json\/wp\/v2\/comments?post=1590"}],"version-history":[{"count":3,"href":"https:\/\/goldeneschildkroete.ch\/fr\/wp-json\/wp\/v2\/pages\/1590\/revisions"}],"predecessor-version":[{"id":1764,"href":"https:\/\/goldeneschildkroete.ch\/fr\/wp-json\/wp\/v2\/pages\/1590\/revisions\/1764"}],"wp:attachment":[{"href":"https:\/\/goldeneschildkroete.ch\/fr\/wp-json\/wp\/v2\/media?parent=1590"}],"curies":[{"name":"wp","href":"https:\/\/api.w.org\/{rel}","templated":true}]}}