{"id":1576,"date":"2025-03-13T23:11:24","date_gmt":"2025-03-13T22:11:24","guid":{"rendered":"https:\/\/goldeneschildkroete.ch\/?page_id=1576"},"modified":"2026-03-30T10:11:12","modified_gmt":"2026-03-30T08:11:12","slug":"nommer","status":"publish","type":"page","link":"https:\/\/goldeneschildkroete.ch\/fr\/nommer\/","title":{"rendered":"Nommer quelqu&rsquo;un"},"content":{"rendered":"<section class=\"wham-block-section\">\n    <div class=\"section-inner size-medium\">\n         <div class=\"acf-innerblocks-container\">\n\n<h2 class=\"wp-block-heading\">Nomination<\/h2>\n\n\n\n<div class=\"wp-block-contact-form-7-contact-form-selector\">\n<div class=\"wpcf7 no-js\" id=\"wpcf7-f1631-o1\" lang=\"de-CH\" dir=\"ltr\" data-wpcf7-id=\"1631\">\n<div class=\"screen-reader-response\"><p role=\"status\" aria-live=\"polite\" aria-atomic=\"true\"><\/p> <ul><\/ul><\/div>\n<form action=\"\/fr\/wp-json\/wp\/v2\/pages\/1576#wpcf7-f1631-o1\" method=\"post\" class=\"wpcf7-form init cf7mls-no-scroll cf7mls-auto-return-first-step cf7mls-no-moving-animation\" aria-label=\"Contact form\" novalidate=\"novalidate\" data-status=\"init\">\n<fieldset class=\"hidden-fields-container\"><input type=\"hidden\" name=\"_wpcf7\" value=\"1631\" \/><input type=\"hidden\" name=\"_wpcf7_version\" value=\"6.1.1\" \/><input type=\"hidden\" name=\"_wpcf7_locale\" value=\"de_CH_informal\" \/><input type=\"hidden\" name=\"_wpcf7_unit_tag\" value=\"wpcf7-f1631-o1\" \/><input type=\"hidden\" name=\"_wpcf7_container_post\" value=\"0\" \/><input type=\"hidden\" name=\"_wpcf7_posted_data_hash\" value=\"\" \/>\n<\/fieldset>\n<div class=\"fieldset-cf7mls-wrapper\" data-transition-effects><fieldset class=\"fieldset-cf7mls cf7mls_current_fs\"><div class=\"form-col\">\n    <p>Je\/Nous recommande(ons) la personne suivante pour le prix \u00ab Tortue d'or \u00bb de la saison 2025\/2026<\/p>\n<\/div>\n<div class=\"form-col\">\n    <div class=\"form-row\">\n        <div class=\"form-col\">\n            <h4 class=\"form-title\">Coordonn\u00e9es du\/de la proposant\u00b7e<\/h4>\n            <span class=\"wpcf7-form-control-wrap\" data-name=\"Antragssteller-Name\"><input size=\"40\" maxlength=\"400\" class=\"wpcf7-form-control wpcf7-text wpcf7-validates-as-required\" aria-required=\"true\" aria-invalid=\"false\" placeholder=\"Nom*\" value=\"\" type=\"text\" name=\"Antragssteller-Name\" \/><\/span>\n            <span class=\"wpcf7-form-control-wrap\" data-name=\"Antragssteller-Vorname\"><input size=\"40\" maxlength=\"400\" class=\"wpcf7-form-control wpcf7-text wpcf7-validates-as-required\" aria-required=\"true\" aria-invalid=\"false\" placeholder=\"Pr\u00e9nom*\" value=\"\" type=\"text\" name=\"Antragssteller-Vorname\" \/><\/span>\n            <span class=\"wpcf7-form-control-wrap\" data-name=\"Antragssteller-Verein\"><input size=\"40\" maxlength=\"400\" class=\"wpcf7-form-control wpcf7-text wpcf7-validates-as-required\" aria-required=\"true\" aria-invalid=\"false\" placeholder=\"Club\/F\u00e9d\u00e9ration*\" value=\"\" type=\"text\" name=\"Antragssteller-Verein\" \/><\/span>\n            <span class=\"wpcf7-form-control-wrap\" data-name=\"Antragssteller-Mail\"><input size=\"40\" maxlength=\"400\" class=\"wpcf7-form-control wpcf7-email wpcf7-validates-as-required wpcf7-text wpcf7-validates-as-email\" aria-required=\"true\" aria-invalid=\"false\" placeholder=\"E-mail*\" value=\"\" type=\"email\" name=\"Antragssteller-Mail\" \/><\/span>\n        <\/div>\n        <div class=\"form-col\">\n            <h4 class=\"form-title\">Coordonn\u00e9es du\/de la candidat\u00b7e<\/h4>\n            <span class=\"wpcf7-form-control-wrap\" data-name=\"Anwaerter-Name\"><input size=\"40\" maxlength=\"400\" class=\"wpcf7-form-control wpcf7-text wpcf7-validates-as-required\" aria-required=\"true\" aria-invalid=\"false\" placeholder=\"Nom*\" value=\"\" type=\"text\" name=\"Anwaerter-Name\" \/><\/span>\n            <span class=\"wpcf7-form-control-wrap\" data-name=\"Anwaerter-Vorname\"><input size=\"40\" maxlength=\"400\" class=\"wpcf7-form-control wpcf7-text wpcf7-validates-as-required\" aria-required=\"true\" aria-invalid=\"false\" placeholder=\"Pr\u00e9nom*\" value=\"\" type=\"text\" name=\"Anwaerter-Vorname\" \/><\/span>\n            <span class=\"wpcf7-form-control-wrap\" data-name=\"Anwaerter-Verein\"><input size=\"40\" maxlength=\"400\" class=\"wpcf7-form-control wpcf7-text wpcf7-validates-as-required\" aria-required=\"true\" aria-invalid=\"false\" placeholder=\"Club\/F\u00e9d\u00e9ration*\" value=\"\" type=\"text\" name=\"Anwaerter-Verein\" \/><\/span>\n            <span class=\"wpcf7-form-control-wrap\" data-name=\"Anwaerter-Mail\"><input size=\"40\" maxlength=\"400\" class=\"wpcf7-form-control wpcf7-email wpcf7-validates-as-required wpcf7-text wpcf7-validates-as-email\" aria-required=\"true\" aria-invalid=\"false\" placeholder=\"E-mail*\" value=\"\" type=\"email\" name=\"Anwaerter-Mail\" \/><\/span>\n        <\/div>\n    <\/div>\n<\/div><div class=\"cf7mls-btns \"><button type=\"button\" class=\"cf7mls_next cf7mls_btn action-button\" name=\"cf7mls_next\" id=\"cf7mls-next-btn-cf7mls_step-1\">Continuer<img decoding=\"async\" src=\"https:\/\/goldeneschildkroete.ch\/wp-content\/plugins\/cf7-multi-step\/assets\/frontend\/img\/loader.svg\" alt=\"Step Loading\" data-lazy-src=\"https:\/\/goldeneschildkroete.ch\/wp-content\/plugins\/cf7-multi-step\/assets\/frontend\/img\/loader.svg\" style=\"display: none;\" \/><\/button><\/div><p><\/p><\/fieldset><fieldset class=\"fieldset-cf7mls\"><div class=\"form-col\">\n    <h4 class=\"form-title\">Exigence 1 - Le b\u00e9n\u00e9volat dans le sang<\/h4>\n    <p>Pour le ou la candidat(e), le b\u00e9n\u00e9volat dans le domaine de l'unihockey fait partie int\u00e9grante de sa vie. La personne nomin\u00e9e est consciente qu'aucun club ni aucune f\u00e9d\u00e9ration ne peut exister sans le b\u00e9n\u00e9volat. Le ou la candidat(e) incite les autres \u00e0 s'engager b\u00e9n\u00e9volement. Il ou elle fait ainsi figure de mod\u00e8le en mati\u00e8re d'engagement b\u00e9n\u00e9vole.<\/p>\n    <span class=\"wpcf7-form-control-wrap\" data-name=\"Ehrenamt-im-Blut\"><textarea cols=\"40\" rows=\"10\" maxlength=\"2000\" class=\"wpcf7-form-control wpcf7-textarea wpcf7-validates-as-required\" aria-required=\"true\" aria-invalid=\"false\" placeholder=\"D\u00e9crivez les activit\u00e9s b\u00e9n\u00e9voles du candidat et expliquez en quoi ces activit\u00e9s ont un impact sur le club ou la f\u00e9d\u00e9ration.*\" name=\"Ehrenamt-im-Blut\"><\/textarea><\/span>\n<\/div><div class=\"cf7mls-btns \"><button type=\"button\" class=\"cf7mls_back action-button\" name=\"cf7mls_back\" id=\"cf7mls-back-btn-cf7mls_step-2\">Retour<\/button><button type=\"button\" class=\"cf7mls_next cf7mls_btn action-button\" name=\"cf7mls_next\" id=\"cf7mls-next-btn-cf7mls_step-2\">Continuer<img decoding=\"async\" src=\"https:\/\/goldeneschildkroete.ch\/wp-content\/plugins\/cf7-multi-step\/assets\/frontend\/img\/loader.svg\" alt=\"Step Loading\" data-lazy-src=\"https:\/\/goldeneschildkroete.ch\/wp-content\/plugins\/cf7-multi-step\/assets\/frontend\/img\/loader.svg\" style=\"display: none;\" \/><\/button><\/div><p><\/p><\/fieldset><fieldset class=\"fieldset-cf7mls\"><div class=\"form-col\">\n    <h4 class=\"form-title\">Exigence 2 - On peut compter sur toi<\/h4>\n    <p>La candidate ou le candidat s'investit r\u00e9guli\u00e8rement depuis des ann\u00e9es dans le unihockey \u00e0 titre b\u00e9n\u00e9vole et va m\u00eame parfois jusqu'\u00e0 prendre des cong\u00e9s pour cela. Quand on fait appel \u00e0 la personne nomin\u00e9e, elle est toujours l\u00e0. Elle apporte son aide l\u00e0 o\u00f9 on en a besoin. On peut toujours compter sur la candidate ou le candidat!<\/p>\n<\/div>\n<div class=\"form-col\">\n    <div class=\"form-row\">\n        <div class=\"form-col\">\n            <label for=\"Ehrenamtliche-Arbeit-Anzahl-Jahre\">Depuis combien d\u2019ann\u00e9es t\u2019engages-tu b\u00e9n\u00e9volement ?<\/label>\n            <span class=\"wpcf7-form-control-wrap\" data-name=\"Ehrenamtliche-Arbeit-Anzahl-Jahre\"><input class=\"wpcf7-form-control wpcf7-number wpcf7-validates-as-required wpcf7-validates-as-number\" max=\"100\" aria-required=\"true\" aria-invalid=\"false\" value=\"\" type=\"number\" name=\"Ehrenamtliche-Arbeit-Anzahl-Jahre\" \/><\/span>\n        <\/div>\n        <div class=\"form-col\">\n            <label for=\"Ehrenamtliche-Arbeit\">Combien de jours par an (en moyenne) consacres-tu au b\u00e9n\u00e9volat ?<\/label>\n            <span class=\"wpcf7-form-control-wrap\" data-name=\"Ehrenamtliche-Arbeit-Anzahl-Tage-Jahr\"><input class=\"wpcf7-form-control wpcf7-number wpcf7-validates-as-required wpcf7-validates-as-number\" max=\"365\" aria-required=\"true\" aria-invalid=\"false\" value=\"\" type=\"number\" name=\"Ehrenamtliche-Arbeit-Anzahl-Tage-Jahr\" \/><\/span>\n        <\/div>\n    <\/div>\n<\/div><div class=\"cf7mls-btns \"><button type=\"button\" class=\"cf7mls_back action-button\" name=\"cf7mls_back\" id=\"cf7mls-back-btn-cf7mls_step-3\">Retour<\/button><button type=\"button\" class=\"cf7mls_next cf7mls_btn action-button\" name=\"cf7mls_next\" id=\"cf7mls-next-btn-cf7mls_step-3\">Continuer<img decoding=\"async\" src=\"https:\/\/goldeneschildkroete.ch\/wp-content\/plugins\/cf7-multi-step\/assets\/frontend\/img\/loader.svg\" alt=\"Step Loading\" data-lazy-src=\"https:\/\/goldeneschildkroete.ch\/wp-content\/plugins\/cf7-multi-step\/assets\/frontend\/img\/loader.svg\" style=\"display: none;\" \/><\/button><\/div><p><\/p><\/fieldset><fieldset class=\"fieldset-cf7mls\"><div class=\"form-col\">\n    <h4 class=\"form-title\">Exigence 3 - Une affaire de c\u0153ur<\/h4>\n    <p>Pourquoi la personne que je\/nous avons nomin\u00e9e devrait-elle gagner ce prix ?<\/p>\n    <span class=\"wpcf7-form-control-wrap\" data-name=\"Herzensangelegenheit\"><textarea cols=\"40\" rows=\"10\" maxlength=\"2000\" class=\"wpcf7-form-control wpcf7-textarea wpcf7-validates-as-required\" aria-required=\"true\" aria-invalid=\"false\" placeholder=\"D\u00e9cris ce qui caract\u00e9rise cette personne et pourquoi elle m\u00e9rite ce prix.*\" name=\"Herzensangelegenheit\"><\/textarea><\/span>\n    <p>Le gagnant sera inform\u00e9 personnellement. La remise des prix aura lieu lors de la Lidl Prime League Award Night le 28.05.2025 au Trafo Baden.<\/p>\n<\/div>\n\n<div class=\"form-col gap-0\">\n    <span class=\"wpcf7-form-control-wrap\" data-name=\"Datenschutz\"><span class=\"wpcf7-form-control wpcf7-acceptance\"><span class=\"wpcf7-list-item\"><label><input type=\"checkbox\" name=\"Datenschutz\" value=\"1\" aria-invalid=\"false\" \/><span class=\"wpcf7-list-item-label\">J\u2019accepte la <a href=\"\/fr\/protection-des-donnees\/\" target=\"_blank\">protection des donn\u00e9es<\/a>.<\/span><\/label><\/span><\/span><\/span>\n<\/div>\n\n<input class=\"wpcf7-form-control wpcf7-submit has-spinner\" type=\"submit\" value=\"Nommer\" \/><div class=\"cf7mls-btns cf7mls-btns-last-step\"><button type=\"button\" class=\"cf7mls_back action-button\" name=\"cf7mls_back\" id=\"cf7mls-back-btn-cf7mls_step-4\">Retour<\/button><button type=\"button\" style=\"display: none;\" class=\"cf7mls_next cf7mls_btn action-button\" name=\"cf7mls_next\" id=\"cf7mls-next-btn-cf7mls_step-4\"><img decoding=\"async\" src=\"https:\/\/goldeneschildkroete.ch\/wp-content\/plugins\/cf7-multi-step\/assets\/frontend\/img\/loader.svg\" alt=\"Step Loading\" data-lazy-src=\"https:\/\/goldeneschildkroete.ch\/wp-content\/plugins\/cf7-multi-step\/assets\/frontend\/img\/loader.svg\" style=\"display: none;\" \/><\/button><\/fieldset><\/div><div class=\"wpcf7-response-output\" aria-hidden=\"true\"><\/div>\n<\/form>\n<\/div>\n<\/div>\n\n<\/div>\n    <\/div>\n<\/section>","protected":false},"excerpt":{"rendered":"","protected":false},"author":1,"featured_media":0,"parent":0,"menu_order":0,"comment_status":"closed","ping_status":"closed","template":"","meta":{"_acf_changed":false,"footnotes":""},"class_list":["post-1576","page","type-page","status-publish","hentry"],"acf":[],"yoast_head":"<!-- This site is optimized with the Yoast SEO plugin v25.9 - https:\/\/yoast.com\/wordpress\/plugins\/seo\/ -->\n<title>Nommer quelqu&#039;un - Goldene Schildkr\u00f6te<\/title>\n<meta name=\"robots\" content=\"index, follow, max-snippet:-1, max-image-preview:large, max-video-preview:-1\" \/>\n<link rel=\"canonical\" href=\"https:\/\/goldeneschildkroete.ch\/fr\/nommer\/\" \/>\n<meta property=\"og:locale\" content=\"fr_FR\" \/>\n<meta property=\"og:type\" content=\"article\" \/>\n<meta property=\"og:title\" content=\"Nommer quelqu&#039;un - Goldene Schildkr\u00f6te\" \/>\n<meta property=\"og:url\" content=\"https:\/\/goldeneschildkroete.ch\/fr\/nommer\/\" \/>\n<meta property=\"og:site_name\" content=\"Goldene Schildkr\u00f6te\" \/>\n<meta property=\"article:modified_time\" content=\"2026-03-30T08:11:12+00:00\" \/>\n<meta name=\"twitter:card\" content=\"summary_large_image\" \/>\n<meta name=\"twitter:label1\" content=\"Dur\u00e9e de lecture estim\u00e9e\" \/>\n\t<meta name=\"twitter:data1\" content=\"1 minute\" \/>\n<script type=\"application\/ld+json\" class=\"yoast-schema-graph\">{\"@context\":\"https:\/\/schema.org\",\"@graph\":[{\"@type\":\"WebPage\",\"@id\":\"https:\/\/goldeneschildkroete.ch\/fr\/nommer\/\",\"url\":\"https:\/\/goldeneschildkroete.ch\/fr\/nommer\/\",\"name\":\"Nommer quelqu'un - Goldene Schildkr\u00f6te\",\"isPartOf\":{\"@id\":\"https:\/\/goldeneschildkroete.ch\/fr\/#website\"},\"datePublished\":\"2025-03-13T22:11:24+00:00\",\"dateModified\":\"2026-03-30T08:11:12+00:00\",\"breadcrumb\":{\"@id\":\"https:\/\/goldeneschildkroete.ch\/fr\/nommer\/#breadcrumb\"},\"inLanguage\":\"fr-FR\",\"potentialAction\":[{\"@type\":\"ReadAction\",\"target\":[\"https:\/\/goldeneschildkroete.ch\/fr\/nommer\/\"]}]},{\"@type\":\"BreadcrumbList\",\"@id\":\"https:\/\/goldeneschildkroete.ch\/fr\/nommer\/#breadcrumb\",\"itemListElement\":[{\"@type\":\"ListItem\",\"position\":1,\"name\":\"Startseite\",\"item\":\"https:\/\/goldeneschildkroete.ch\/fr\/\"},{\"@type\":\"ListItem\",\"position\":2,\"name\":\"Nommer quelqu&#8217;un\"}]},{\"@type\":\"WebSite\",\"@id\":\"https:\/\/goldeneschildkroete.ch\/fr\/#website\",\"url\":\"https:\/\/goldeneschildkroete.ch\/fr\/\",\"name\":\"Goldene Schildkr\u00f6te\",\"description\":\"\",\"publisher\":{\"@id\":\"https:\/\/goldeneschildkroete.ch\/fr\/#organization\"},\"potentialAction\":[{\"@type\":\"SearchAction\",\"target\":{\"@type\":\"EntryPoint\",\"urlTemplate\":\"https:\/\/goldeneschildkroete.ch\/fr\/?s={search_term_string}\"},\"query-input\":{\"@type\":\"PropertyValueSpecification\",\"valueRequired\":true,\"valueName\":\"search_term_string\"}}],\"inLanguage\":\"fr-FR\"},{\"@type\":\"Organization\",\"@id\":\"https:\/\/goldeneschildkroete.ch\/fr\/#organization\",\"name\":\"Goldene Schildkr\u00f6te\",\"url\":\"https:\/\/goldeneschildkroete.ch\/fr\/\",\"logo\":{\"@type\":\"ImageObject\",\"inLanguage\":\"fr-FR\",\"@id\":\"https:\/\/goldeneschildkroete.ch\/fr\/#\/schema\/logo\/image\/\",\"url\":\"https:\/\/goldeneschildkroete.ch\/wp-content\/uploads\/2024\/11\/Goldene-Schildkroete_POS_1F_RGB_100.svg\",\"contentUrl\":\"https:\/\/goldeneschildkroete.ch\/wp-content\/uploads\/2024\/11\/Goldene-Schildkroete_POS_1F_RGB_100.svg\",\"caption\":\"Goldene Schildkr\u00f6te\"},\"image\":{\"@id\":\"https:\/\/goldeneschildkroete.ch\/fr\/#\/schema\/logo\/image\/\"}}]}<\/script>\n<!-- \/ Yoast SEO plugin. -->","yoast_head_json":{"title":"Nommer quelqu'un - Goldene Schildkr\u00f6te","robots":{"index":"index","follow":"follow","max-snippet":"max-snippet:-1","max-image-preview":"max-image-preview:large","max-video-preview":"max-video-preview:-1"},"canonical":"https:\/\/goldeneschildkroete.ch\/fr\/nommer\/","og_locale":"fr_FR","og_type":"article","og_title":"Nommer quelqu'un - Goldene Schildkr\u00f6te","og_url":"https:\/\/goldeneschildkroete.ch\/fr\/nommer\/","og_site_name":"Goldene Schildkr\u00f6te","article_modified_time":"2026-03-30T08:11:12+00:00","twitter_card":"summary_large_image","twitter_misc":{"Dur\u00e9e de lecture estim\u00e9e":"1 minute"},"schema":{"@context":"https:\/\/schema.org","@graph":[{"@type":"WebPage","@id":"https:\/\/goldeneschildkroete.ch\/fr\/nommer\/","url":"https:\/\/goldeneschildkroete.ch\/fr\/nommer\/","name":"Nommer quelqu'un - Goldene Schildkr\u00f6te","isPartOf":{"@id":"https:\/\/goldeneschildkroete.ch\/fr\/#website"},"datePublished":"2025-03-13T22:11:24+00:00","dateModified":"2026-03-30T08:11:12+00:00","breadcrumb":{"@id":"https:\/\/goldeneschildkroete.ch\/fr\/nommer\/#breadcrumb"},"inLanguage":"fr-FR","potentialAction":[{"@type":"ReadAction","target":["https:\/\/goldeneschildkroete.ch\/fr\/nommer\/"]}]},{"@type":"BreadcrumbList","@id":"https:\/\/goldeneschildkroete.ch\/fr\/nommer\/#breadcrumb","itemListElement":[{"@type":"ListItem","position":1,"name":"Startseite","item":"https:\/\/goldeneschildkroete.ch\/fr\/"},{"@type":"ListItem","position":2,"name":"Nommer quelqu&#8217;un"}]},{"@type":"WebSite","@id":"https:\/\/goldeneschildkroete.ch\/fr\/#website","url":"https:\/\/goldeneschildkroete.ch\/fr\/","name":"Goldene Schildkr\u00f6te","description":"","publisher":{"@id":"https:\/\/goldeneschildkroete.ch\/fr\/#organization"},"potentialAction":[{"@type":"SearchAction","target":{"@type":"EntryPoint","urlTemplate":"https:\/\/goldeneschildkroete.ch\/fr\/?s={search_term_string}"},"query-input":{"@type":"PropertyValueSpecification","valueRequired":true,"valueName":"search_term_string"}}],"inLanguage":"fr-FR"},{"@type":"Organization","@id":"https:\/\/goldeneschildkroete.ch\/fr\/#organization","name":"Goldene Schildkr\u00f6te","url":"https:\/\/goldeneschildkroete.ch\/fr\/","logo":{"@type":"ImageObject","inLanguage":"fr-FR","@id":"https:\/\/goldeneschildkroete.ch\/fr\/#\/schema\/logo\/image\/","url":"https:\/\/goldeneschildkroete.ch\/wp-content\/uploads\/2024\/11\/Goldene-Schildkroete_POS_1F_RGB_100.svg","contentUrl":"https:\/\/goldeneschildkroete.ch\/wp-content\/uploads\/2024\/11\/Goldene-Schildkroete_POS_1F_RGB_100.svg","caption":"Goldene Schildkr\u00f6te"},"image":{"@id":"https:\/\/goldeneschildkroete.ch\/fr\/#\/schema\/logo\/image\/"}}]}},"_links":{"self":[{"href":"https:\/\/goldeneschildkroete.ch\/fr\/wp-json\/wp\/v2\/pages\/1576","targetHints":{"allow":["GET"]}}],"collection":[{"href":"https:\/\/goldeneschildkroete.ch\/fr\/wp-json\/wp\/v2\/pages"}],"about":[{"href":"https:\/\/goldeneschildkroete.ch\/fr\/wp-json\/wp\/v2\/types\/page"}],"author":[{"embeddable":true,"href":"https:\/\/goldeneschildkroete.ch\/fr\/wp-json\/wp\/v2\/users\/1"}],"replies":[{"embeddable":true,"href":"https:\/\/goldeneschildkroete.ch\/fr\/wp-json\/wp\/v2\/comments?post=1576"}],"version-history":[{"count":2,"href":"https:\/\/goldeneschildkroete.ch\/fr\/wp-json\/wp\/v2\/pages\/1576\/revisions"}],"predecessor-version":[{"id":1632,"href":"https:\/\/goldeneschildkroete.ch\/fr\/wp-json\/wp\/v2\/pages\/1576\/revisions\/1632"}],"wp:attachment":[{"href":"https:\/\/goldeneschildkroete.ch\/fr\/wp-json\/wp\/v2\/media?parent=1576"}],"curies":[{"name":"wp","href":"https:\/\/api.w.org\/{rel}","templated":true}]}}