{"id":1573,"date":"2024-11-17T11:45:17","date_gmt":"2024-11-17T10:45:17","guid":{"rendered":"https:\/\/goldeneschildkroete.ch\/?page_id=1573"},"modified":"2025-05-15T17:11:08","modified_gmt":"2025-05-15T15:11:08","slug":"impressum","status":"publish","type":"page","link":"https:\/\/goldeneschildkroete.ch\/fr\/impressum\/","title":{"rendered":"Impressum"},"content":{"rendered":"<section class=\"wham-block-section\">\n    <div class=\"section-inner size-medium\">\n         <div class=\"acf-innerblocks-container\">\n\n<h3 class=\"wp-block-heading\">Instance responsable:<\/h3>\n\n\n\n<p>Goldene Schildkr\u00f6te<br>Seeblickstrasse 50<br>8738 Uetliburg SG<br>Suisse<\/p>\n\n\n\n<h3 class=\"wp-block-heading\">Repr\u00e9sentants autoris\u00e9s:<\/h3>\n\n\n\n<p>Daniel Bareiss<br>Marco Eberh\u00f6fer<\/p>\n\n\n\n<h3 class=\"wp-block-heading\">Kontakt:<\/h3>\n\n\n\n<p>E-Mail: <a href=\"mailto:info@goldeneschildkroete.ch\">info@goldeneschildkroete.ch<\/a><br>Site web: <a data-type=\"page\" data-id=\"46\" href=\"https:\/\/goldeneschildkroete.ch\/\">www.goldeneschildkroete.ch<\/a><\/p>\n\n\n\n<h3 class=\"wp-block-heading\">Conception, design &amp; programmation<\/h3>\n\n\n\n<p>WHAM Agency<br>Mattenhof 30<br>9305 Berg SG<br>hello@wham.ch<br><a href=\"https:\/\/wham.ch\/\" target=\"_blank\" rel=\"noreferrer noopener\">www.wham.ch<\/a><\/p>\n\n<\/div>\n    <\/div>\n<\/section>","protected":false},"excerpt":{"rendered":"","protected":false},"author":1,"featured_media":0,"parent":0,"menu_order":0,"comment_status":"closed","ping_status":"closed","template":"","meta":{"_acf_changed":false,"footnotes":""},"class_list":["post-1573","page","type-page","status-publish","hentry"],"acf":[],"yoast_head":"<!-- This site is optimized with the Yoast SEO plugin v25.9 - https:\/\/yoast.com\/wordpress\/plugins\/seo\/ -->\n<title>Impressum - Goldene Schildkr\u00f6te<\/title>\n<meta name=\"robots\" content=\"index, follow, max-snippet:-1, max-image-preview:large, max-video-preview:-1\" \/>\n<link rel=\"canonical\" href=\"https:\/\/goldeneschildkroete.ch\/fr\/impressum\/\" \/>\n<meta property=\"og:locale\" content=\"fr_FR\" \/>\n<meta property=\"og:type\" content=\"article\" \/>\n<meta property=\"og:title\" content=\"Impressum - Goldene Schildkr\u00f6te\" \/>\n<meta property=\"og:url\" content=\"https:\/\/goldeneschildkroete.ch\/fr\/impressum\/\" \/>\n<meta property=\"og:site_name\" content=\"Goldene Schildkr\u00f6te\" \/>\n<meta property=\"article:modified_time\" content=\"2025-05-15T15:11:08+00:00\" \/>\n<meta name=\"twitter:card\" content=\"summary_large_image\" \/>\n<meta name=\"twitter:label1\" content=\"Dur\u00e9e de lecture estim\u00e9e\" \/>\n\t<meta name=\"twitter:data1\" content=\"1 minute\" \/>\n<script type=\"application\/ld+json\" class=\"yoast-schema-graph\">{\"@context\":\"https:\/\/schema.org\",\"@graph\":[{\"@type\":\"WebPage\",\"@id\":\"https:\/\/goldeneschildkroete.ch\/fr\/impressum\/\",\"url\":\"https:\/\/goldeneschildkroete.ch\/fr\/impressum\/\",\"name\":\"Impressum - Goldene Schildkr\u00f6te\",\"isPartOf\":{\"@id\":\"https:\/\/goldeneschildkroete.ch\/fr\/#website\"},\"datePublished\":\"2024-11-17T10:45:17+00:00\",\"dateModified\":\"2025-05-15T15:11:08+00:00\",\"breadcrumb\":{\"@id\":\"https:\/\/goldeneschildkroete.ch\/fr\/impressum\/#breadcrumb\"},\"inLanguage\":\"fr-FR\",\"potentialAction\":[{\"@type\":\"ReadAction\",\"target\":[\"https:\/\/goldeneschildkroete.ch\/fr\/impressum\/\"]}]},{\"@type\":\"BreadcrumbList\",\"@id\":\"https:\/\/goldeneschildkroete.ch\/fr\/impressum\/#breadcrumb\",\"itemListElement\":[{\"@type\":\"ListItem\",\"position\":1,\"name\":\"Startseite\",\"item\":\"https:\/\/goldeneschildkroete.ch\/fr\/\"},{\"@type\":\"ListItem\",\"position\":2,\"name\":\"Impressum\"}]},{\"@type\":\"WebSite\",\"@id\":\"https:\/\/goldeneschildkroete.ch\/fr\/#website\",\"url\":\"https:\/\/goldeneschildkroete.ch\/fr\/\",\"name\":\"Goldene Schildkr\u00f6te\",\"description\":\"\",\"publisher\":{\"@id\":\"https:\/\/goldeneschildkroete.ch\/fr\/#organization\"},\"potentialAction\":[{\"@type\":\"SearchAction\",\"target\":{\"@type\":\"EntryPoint\",\"urlTemplate\":\"https:\/\/goldeneschildkroete.ch\/fr\/?s={search_term_string}\"},\"query-input\":{\"@type\":\"PropertyValueSpecification\",\"valueRequired\":true,\"valueName\":\"search_term_string\"}}],\"inLanguage\":\"fr-FR\"},{\"@type\":\"Organization\",\"@id\":\"https:\/\/goldeneschildkroete.ch\/fr\/#organization\",\"name\":\"Goldene Schildkr\u00f6te\",\"url\":\"https:\/\/goldeneschildkroete.ch\/fr\/\",\"logo\":{\"@type\":\"ImageObject\",\"inLanguage\":\"fr-FR\",\"@id\":\"https:\/\/goldeneschildkroete.ch\/fr\/#\/schema\/logo\/image\/\",\"url\":\"https:\/\/goldeneschildkroete.ch\/wp-content\/uploads\/2024\/11\/Goldene-Schildkroete_POS_1F_RGB_100.svg\",\"contentUrl\":\"https:\/\/goldeneschildkroete.ch\/wp-content\/uploads\/2024\/11\/Goldene-Schildkroete_POS_1F_RGB_100.svg\",\"caption\":\"Goldene Schildkr\u00f6te\"},\"image\":{\"@id\":\"https:\/\/goldeneschildkroete.ch\/fr\/#\/schema\/logo\/image\/\"}}]}<\/script>\n<!-- \/ Yoast SEO plugin. -->","yoast_head_json":{"title":"Impressum - Goldene Schildkr\u00f6te","robots":{"index":"index","follow":"follow","max-snippet":"max-snippet:-1","max-image-preview":"max-image-preview:large","max-video-preview":"max-video-preview:-1"},"canonical":"https:\/\/goldeneschildkroete.ch\/fr\/impressum\/","og_locale":"fr_FR","og_type":"article","og_title":"Impressum - Goldene Schildkr\u00f6te","og_url":"https:\/\/goldeneschildkroete.ch\/fr\/impressum\/","og_site_name":"Goldene Schildkr\u00f6te","article_modified_time":"2025-05-15T15:11:08+00:00","twitter_card":"summary_large_image","twitter_misc":{"Dur\u00e9e de lecture estim\u00e9e":"1 minute"},"schema":{"@context":"https:\/\/schema.org","@graph":[{"@type":"WebPage","@id":"https:\/\/goldeneschildkroete.ch\/fr\/impressum\/","url":"https:\/\/goldeneschildkroete.ch\/fr\/impressum\/","name":"Impressum - Goldene Schildkr\u00f6te","isPartOf":{"@id":"https:\/\/goldeneschildkroete.ch\/fr\/#website"},"datePublished":"2024-11-17T10:45:17+00:00","dateModified":"2025-05-15T15:11:08+00:00","breadcrumb":{"@id":"https:\/\/goldeneschildkroete.ch\/fr\/impressum\/#breadcrumb"},"inLanguage":"fr-FR","potentialAction":[{"@type":"ReadAction","target":["https:\/\/goldeneschildkroete.ch\/fr\/impressum\/"]}]},{"@type":"BreadcrumbList","@id":"https:\/\/goldeneschildkroete.ch\/fr\/impressum\/#breadcrumb","itemListElement":[{"@type":"ListItem","position":1,"name":"Startseite","item":"https:\/\/goldeneschildkroete.ch\/fr\/"},{"@type":"ListItem","position":2,"name":"Impressum"}]},{"@type":"WebSite","@id":"https:\/\/goldeneschildkroete.ch\/fr\/#website","url":"https:\/\/goldeneschildkroete.ch\/fr\/","name":"Goldene Schildkr\u00f6te","description":"","publisher":{"@id":"https:\/\/goldeneschildkroete.ch\/fr\/#organization"},"potentialAction":[{"@type":"SearchAction","target":{"@type":"EntryPoint","urlTemplate":"https:\/\/goldeneschildkroete.ch\/fr\/?s={search_term_string}"},"query-input":{"@type":"PropertyValueSpecification","valueRequired":true,"valueName":"search_term_string"}}],"inLanguage":"fr-FR"},{"@type":"Organization","@id":"https:\/\/goldeneschildkroete.ch\/fr\/#organization","name":"Goldene Schildkr\u00f6te","url":"https:\/\/goldeneschildkroete.ch\/fr\/","logo":{"@type":"ImageObject","inLanguage":"fr-FR","@id":"https:\/\/goldeneschildkroete.ch\/fr\/#\/schema\/logo\/image\/","url":"https:\/\/goldeneschildkroete.ch\/wp-content\/uploads\/2024\/11\/Goldene-Schildkroete_POS_1F_RGB_100.svg","contentUrl":"https:\/\/goldeneschildkroete.ch\/wp-content\/uploads\/2024\/11\/Goldene-Schildkroete_POS_1F_RGB_100.svg","caption":"Goldene Schildkr\u00f6te"},"image":{"@id":"https:\/\/goldeneschildkroete.ch\/fr\/#\/schema\/logo\/image\/"}}]}},"_links":{"self":[{"href":"https:\/\/goldeneschildkroete.ch\/fr\/wp-json\/wp\/v2\/pages\/1573","targetHints":{"allow":["GET"]}}],"collection":[{"href":"https:\/\/goldeneschildkroete.ch\/fr\/wp-json\/wp\/v2\/pages"}],"about":[{"href":"https:\/\/goldeneschildkroete.ch\/fr\/wp-json\/wp\/v2\/types\/page"}],"author":[{"embeddable":true,"href":"https:\/\/goldeneschildkroete.ch\/fr\/wp-json\/wp\/v2\/users\/1"}],"replies":[{"embeddable":true,"href":"https:\/\/goldeneschildkroete.ch\/fr\/wp-json\/wp\/v2\/comments?post=1573"}],"version-history":[{"count":2,"href":"https:\/\/goldeneschildkroete.ch\/fr\/wp-json\/wp\/v2\/pages\/1573\/revisions"}],"predecessor-version":[{"id":1575,"href":"https:\/\/goldeneschildkroete.ch\/fr\/wp-json\/wp\/v2\/pages\/1573\/revisions\/1575"}],"wp:attachment":[{"href":"https:\/\/goldeneschildkroete.ch\/fr\/wp-json\/wp\/v2\/media?parent=1573"}],"curies":[{"name":"wp","href":"https:\/\/api.w.org\/{rel}","templated":true}]}}