{"id":1570,"date":"2024-12-26T13:44:00","date_gmt":"2024-12-26T12:44:00","guid":{"rendered":"https:\/\/goldeneschildkroete.ch\/?page_id=1570"},"modified":"2025-05-19T18:08:23","modified_gmt":"2025-05-19T16:08:23","slug":"commission-dhonneur","status":"publish","type":"page","link":"https:\/\/goldeneschildkroete.ch\/fr\/commission-dhonneur\/","title":{"rendered":"Commission d&rsquo;honneur"},"content":{"rendered":"<section class=\"wham-block-section\">\n    <div class=\"section-inner size-medium\">\n         <div class=\"acf-innerblocks-container\">\n\n<p>La commission d&rsquo;honneur est compos\u00e9e, outre les membres du comit\u00e9 directeur, de cinq personnalit\u00e9s du sport suisse.<\/p>\n\n<\/div>\n    <\/div>\n<\/section>\n\n<section class=\"wham-block-section\">\n    <div class=\"section-inner size-medium\">\n         <div class=\"acf-innerblocks-container\">\n\n<div class=\"wp-block-media-text is-stacked-on-mobile is-image-fill-element\" style=\"grid-template-columns:45% auto\"><figure class=\"wp-block-media-text__media\"><img loading=\"lazy\" decoding=\"async\" width=\"1024\" height=\"708\" src=\"https:\/\/goldeneschildkroete.ch\/wp-content\/uploads\/2025\/03\/Referat-2022_Foto4-1024x708.jpeg\" alt=\"\" class=\"wp-image-1135 size-full\" style=\"object-position:50% 50%\" srcset=\"https:\/\/goldeneschildkroete.ch\/wp-content\/uploads\/2025\/03\/Referat-2022_Foto4-1024x708.jpeg 1024w, https:\/\/goldeneschildkroete.ch\/wp-content\/uploads\/2025\/03\/Referat-2022_Foto4-300x207.jpeg 300w, https:\/\/goldeneschildkroete.ch\/wp-content\/uploads\/2025\/03\/Referat-2022_Foto4-768x531.jpeg 768w, https:\/\/goldeneschildkroete.ch\/wp-content\/uploads\/2025\/03\/Referat-2022_Foto4-1536x1062.jpeg 1536w, https:\/\/goldeneschildkroete.ch\/wp-content\/uploads\/2025\/03\/Referat-2022_Foto4.jpeg 2048w\" sizes=\"auto, (max-width: 1024px) 100vw, 1024px\" \/><\/figure><div class=\"wp-block-media-text__content\">\n<h2 class=\"wp-block-heading\">Dr. Bernhard Heusler<\/h2>\n\n\n\n<p>L&rsquo;ancien avocat d&rsquo;affaires et pr\u00e9sident \u00e0 succ\u00e8s du FC B\u00e2le 1893 est aujourd&rsquo;hui actif en tant que coach et conseiller dans le sport et l&rsquo;\u00e9conomie, pr\u00e9side des fondations telles que l&rsquo;Aide sportive suisse et la Fondation pour les enfants malades et si\u00e8ge dans des comit\u00e9s de direction d&rsquo;entreprises et d&rsquo;organisations dans divers secteurs.<\/p>\n<\/div><\/div>\n\n\n\n<div class=\"wp-block-media-text is-stacked-on-mobile is-image-fill-element\" style=\"grid-template-columns:45% auto\"><figure class=\"wp-block-media-text__media\"><img loading=\"lazy\" decoding=\"async\" width=\"740\" height=\"606\" src=\"https:\/\/goldeneschildkroete.ch\/wp-content\/uploads\/2025\/03\/Tanja-und-Dani-KI-neu.jpg\" alt=\"\" class=\"wp-image-1139 size-full\" style=\"object-position:51% 3%\" srcset=\"https:\/\/goldeneschildkroete.ch\/wp-content\/uploads\/2025\/03\/Tanja-und-Dani-KI-neu.jpg 740w, https:\/\/goldeneschildkroete.ch\/wp-content\/uploads\/2025\/03\/Tanja-und-Dani-KI-neu-300x246.jpg 300w\" sizes=\"auto, (max-width: 740px) 100vw, 740px\" \/><\/figure><div class=\"wp-block-media-text__content\">\n<h2 class=\"wp-block-heading\">Daniel Kasser<\/h2>\n\n\n\n<p>Dani a organis\u00e9 avec Tanja d&rsquo;innombrables et inoubliables \u00e9v\u00e9nements d&rsquo;unihockey. Tous des \u00e9v\u00e9nements qui n&rsquo;auraient pas pu avoir lieu sans le b\u00e9n\u00e9volat.<\/p>\n<\/div><\/div>\n\n\n\n<div class=\"wp-block-media-text is-stacked-on-mobile is-image-fill-element\" style=\"grid-template-columns:45% auto\"><figure class=\"wp-block-media-text__media\"><img loading=\"lazy\" decoding=\"async\" width=\"796\" height=\"1024\" src=\"https:\/\/goldeneschildkroete.ch\/wp-content\/uploads\/2025\/04\/Sandra-Felix-796x1024.jpg\" alt=\"\" class=\"wp-image-1337 size-full\" style=\"object-position:49% 19%\" srcset=\"https:\/\/goldeneschildkroete.ch\/wp-content\/uploads\/2025\/04\/Sandra-Felix-796x1024.jpg 796w, https:\/\/goldeneschildkroete.ch\/wp-content\/uploads\/2025\/04\/Sandra-Felix-233x300.jpg 233w, https:\/\/goldeneschildkroete.ch\/wp-content\/uploads\/2025\/04\/Sandra-Felix-768x987.jpg 768w, https:\/\/goldeneschildkroete.ch\/wp-content\/uploads\/2025\/04\/Sandra-Felix-1195x1536.jpg 1195w, https:\/\/goldeneschildkroete.ch\/wp-content\/uploads\/2025\/04\/Sandra-Felix-1593x2048.jpg 1593w, https:\/\/goldeneschildkroete.ch\/wp-content\/uploads\/2025\/04\/Sandra-Felix-scaled.jpg 1991w\" sizes=\"auto, (max-width: 796px) 100vw, 796px\" \/><\/figure><div class=\"wp-block-media-text__content\">\n<h2 class=\"wp-block-heading\">Sandra Felix<\/h2>\n\n\n\n<p>La directrice de l&rsquo;OFSPO apporte une exp\u00e9rience vari\u00e9e de l&rsquo;\u00e9conomie priv\u00e9e et du secteur public. Elle conna\u00eet le b\u00e9n\u00e9volat de l&rsquo;int\u00e9rieur et est donc tr\u00e8s consciente de sa valeur.<\/p>\n<\/div><\/div>\n\n\n\n<div class=\"wp-block-media-text is-stacked-on-mobile is-image-fill-element\" style=\"grid-template-columns:45% auto\"><figure class=\"wp-block-media-text__media\"><img loading=\"lazy\" decoding=\"async\" width=\"1024\" height=\"683\" src=\"https:\/\/goldeneschildkroete.ch\/wp-content\/uploads\/2025\/04\/This-1024x683.jpg\" alt=\"\" class=\"wp-image-1223 size-full\" style=\"object-position:50% 50%\" srcset=\"https:\/\/goldeneschildkroete.ch\/wp-content\/uploads\/2025\/04\/This-1024x683.jpg 1024w, https:\/\/goldeneschildkroete.ch\/wp-content\/uploads\/2025\/04\/This-300x200.jpg 300w, https:\/\/goldeneschildkroete.ch\/wp-content\/uploads\/2025\/04\/This-768x512.jpg 768w, https:\/\/goldeneschildkroete.ch\/wp-content\/uploads\/2025\/04\/This-1536x1024.jpg 1536w, https:\/\/goldeneschildkroete.ch\/wp-content\/uploads\/2025\/04\/This-2048x1365.jpg 2048w\" sizes=\"auto, (max-width: 1024px) 100vw, 1024px\" \/><\/figure><div class=\"wp-block-media-text__content\">\n<h2 class=\"wp-block-heading\">This St\u00f6ri<\/h2>\n\n\n\n<p>Au cours des 30 derni\u00e8res ann\u00e9es, This, dont 16 ans en tant que pr\u00e9sident, a occup\u00e9 diff\u00e9rentes fonctions au sein du UHC Alligator Malans. En 2019, il a \u00e9t\u00e9 d\u00e9sign\u00e9 \u00ab fonctionnaire de l&rsquo;ann\u00e9e \u00bb par Graub\u00fcnden Sport. Dans ses jeunes ann\u00e9es, il a consacr\u00e9 son temps libre \u00e0 l&rsquo;entra\u00eenement dans les domaines du ski alpin et du volley-ball.<\/p>\n<\/div><\/div>\n\n\n\n<div class=\"wp-block-media-text is-stacked-on-mobile is-image-fill-element\" style=\"grid-template-columns:45% auto\"><figure class=\"wp-block-media-text__media\"><img loading=\"lazy\" decoding=\"async\" width=\"1024\" height=\"578\" src=\"https:\/\/goldeneschildkroete.ch\/wp-content\/uploads\/2025\/05\/Bild-1024x578.jpeg\" alt=\"\" class=\"wp-image-1641 size-full\" style=\"object-position:50% 50%\" srcset=\"https:\/\/goldeneschildkroete.ch\/wp-content\/uploads\/2025\/05\/Bild-1024x578.jpeg 1024w, https:\/\/goldeneschildkroete.ch\/wp-content\/uploads\/2025\/05\/Bild-300x169.jpeg 300w, https:\/\/goldeneschildkroete.ch\/wp-content\/uploads\/2025\/05\/Bild-768x433.jpeg 768w, https:\/\/goldeneschildkroete.ch\/wp-content\/uploads\/2025\/05\/Bild.jpeg 1280w\" sizes=\"auto, (max-width: 1024px) 100vw, 1024px\" \/><\/figure><div class=\"wp-block-media-text__content\">\n<h2 class=\"wp-block-heading\">Edith Wolf-Hunkeler<\/h2>\n\n\n\n<p>Edith Wolf-Hunkeler est l&rsquo;une des sportives en fauteuil roulant les plus titr\u00e9es de Suisse. Aujourd&rsquo;hui, Edith s&rsquo;engage pour l&rsquo;\u00e9galit\u00e9, l&rsquo;inclusion et la reconnaissance du b\u00e9n\u00e9volat dans le sport. Elle sait par exp\u00e9rience que le sport ne fonctionnerait pas sans b\u00e9n\u00e9volat &#8211; et que l&rsquo;estime que l&rsquo;on porte \u00e0 ces personnes n&rsquo;a litt\u00e9ralement pas de prix.<\/p>\n<\/div><\/div>\n\n\n\n<div class=\"wp-block-media-text is-stacked-on-mobile is-image-fill-element\" style=\"grid-template-columns:45% auto\"><figure class=\"wp-block-media-text__media\"><img loading=\"lazy\" decoding=\"async\" width=\"672\" height=\"448\" src=\"https:\/\/goldeneschildkroete.ch\/wp-content\/uploads\/2025\/01\/Dani-und-Tanja-3-2-2.jpg\" alt=\"\" class=\"wp-image-888 size-full\" style=\"object-position:50% 50%\" srcset=\"https:\/\/goldeneschildkroete.ch\/wp-content\/uploads\/2025\/01\/Dani-und-Tanja-3-2-2.jpg 672w, https:\/\/goldeneschildkroete.ch\/wp-content\/uploads\/2025\/01\/Dani-und-Tanja-3-2-2-300x200.jpg 300w\" sizes=\"auto, (max-width: 672px) 100vw, 672px\" \/><\/figure><div class=\"wp-block-media-text__content\">\n<h2 class=\"wp-block-heading\">Daniel Bareiss<\/h2>\n\n\n\n<p>Daniel \u00e9tait le partenaire de Tanja et est engag\u00e9 dans l&rsquo;unihockey depuis plus de 40 ans. Depuis 2012, il est pr\u00e9sident central de swiss unihockey.<\/p>\n<\/div><\/div>\n\n\n\n<div class=\"wp-block-media-text is-stacked-on-mobile is-image-fill-element\" style=\"grid-template-columns:45% auto\"><figure class=\"wp-block-media-text__media\"><img loading=\"lazy\" decoding=\"async\" width=\"872\" height=\"582\" src=\"https:\/\/goldeneschildkroete.ch\/wp-content\/uploads\/2025\/01\/Marco-und-Tanja-3-2-1.png\" alt=\"\" class=\"wp-image-909 size-full\" style=\"object-position:50% 50%\" srcset=\"https:\/\/goldeneschildkroete.ch\/wp-content\/uploads\/2025\/01\/Marco-und-Tanja-3-2-1.png 872w, https:\/\/goldeneschildkroete.ch\/wp-content\/uploads\/2025\/01\/Marco-und-Tanja-3-2-1-300x200.png 300w, https:\/\/goldeneschildkroete.ch\/wp-content\/uploads\/2025\/01\/Marco-und-Tanja-3-2-1-768x513.png 768w\" sizes=\"auto, (max-width: 872px) 100vw, 872px\" \/><\/figure><div class=\"wp-block-media-text__content\">\n<h2 class=\"wp-block-heading\">Marco Eberh\u00f6fer<\/h2>\n\n\n\n<p>Marco \u00e9tait le fr\u00e8re de Tanja, p\u00e8re de trois gar\u00e7ons et actif dans l&rsquo;unihockey presque aussi longtemps que Dani. Il a fortement contribu\u00e9 \u00e0 la cr\u00e9ation de l&rsquo;association d&rsquo;unihockey Red Devils March-H\u00f6fe.<\/p>\n<\/div><\/div>\n\n\n\n<div class=\"wp-block-media-text is-stacked-on-mobile is-image-fill-element\" style=\"grid-template-columns:45% auto\"><figure class=\"wp-block-media-text__media\"><img loading=\"lazy\" decoding=\"async\" width=\"1014\" height=\"677\" src=\"https:\/\/goldeneschildkroete.ch\/wp-content\/uploads\/2025\/01\/Andrea-und-Tanja-3-2-1.jpg\" alt=\"\" class=\"wp-image-890 size-full\" style=\"object-position:50% 50%\" srcset=\"https:\/\/goldeneschildkroete.ch\/wp-content\/uploads\/2025\/01\/Andrea-und-Tanja-3-2-1.jpg 1014w, https:\/\/goldeneschildkroete.ch\/wp-content\/uploads\/2025\/01\/Andrea-und-Tanja-3-2-1-300x200.jpg 300w, https:\/\/goldeneschildkroete.ch\/wp-content\/uploads\/2025\/01\/Andrea-und-Tanja-3-2-1-768x513.jpg 768w\" sizes=\"auto, (max-width: 1014px) 100vw, 1014px\" \/><\/figure><div class=\"wp-block-media-text__content\">\n<h2 class=\"wp-block-heading\">Andrea Eberh\u00f6fer<\/h2>\n\n\n\n<p>Andrea est l&rsquo;\u00e9pouse de Marco et la belle-s\u0153ur de Tanja. L&rsquo;a\u00een\u00e9 de leurs trois enfants, Niklas, est le filleul de Tanja. Severin et Florian sont des joueurs de unihockey passionn\u00e9s.<\/p>\n<\/div><\/div>\n\n\n\n<div class=\"wp-block-media-text is-stacked-on-mobile is-image-fill-element\" style=\"grid-template-columns:45% auto\"><figure class=\"wp-block-media-text__media\"><img loading=\"lazy\" decoding=\"async\" width=\"1024\" height=\"683\" src=\"https:\/\/goldeneschildkroete.ch\/wp-content\/uploads\/2025\/01\/Tanja-und-Johan-3-2-2-1024x683.jpg\" alt=\"\" class=\"wp-image-892 size-full\" style=\"object-position:50% 50%\" srcset=\"https:\/\/goldeneschildkroete.ch\/wp-content\/uploads\/2025\/01\/Tanja-und-Johan-3-2-2-1024x683.jpg 1024w, https:\/\/goldeneschildkroete.ch\/wp-content\/uploads\/2025\/01\/Tanja-und-Johan-3-2-2-300x200.jpg 300w, https:\/\/goldeneschildkroete.ch\/wp-content\/uploads\/2025\/01\/Tanja-und-Johan-3-2-2-768x512.jpg 768w, https:\/\/goldeneschildkroete.ch\/wp-content\/uploads\/2025\/01\/Tanja-und-Johan-3-2-2.jpg 1180w\" sizes=\"auto, (max-width: 1024px) 100vw, 1024px\" \/><\/figure><div class=\"wp-block-media-text__content\">\n<h2 class=\"wp-block-heading\">Johan Adin<\/h2>\n\n\n\n<p>Johan est l&rsquo;un des meilleurs amis de Dani. Il a jou\u00e9 deux saisons d&rsquo;unihockey chez les hard sticks adliswil entre 1985 et 1987. Johan \u00e9tait aussi un tr\u00e8s bon ami de Tanja.<\/p>\n<\/div><\/div>\n\n\n\n<div class=\"wp-block-media-text is-stacked-on-mobile is-image-fill-element\" style=\"grid-template-columns:45% auto\"><figure class=\"wp-block-media-text__media\"><img loading=\"lazy\" decoding=\"async\" width=\"604\" height=\"604\" src=\"https:\/\/goldeneschildkroete.ch\/wp-content\/uploads\/2025\/01\/Karin-und-Tanja.jpg\" alt=\"\" class=\"wp-image-1507 size-full\" style=\"object-position:50% 50%\" srcset=\"https:\/\/goldeneschildkroete.ch\/wp-content\/uploads\/2025\/01\/Karin-und-Tanja.jpg 604w, https:\/\/goldeneschildkroete.ch\/wp-content\/uploads\/2025\/01\/Karin-und-Tanja-300x300.jpg 300w, https:\/\/goldeneschildkroete.ch\/wp-content\/uploads\/2025\/01\/Karin-und-Tanja-150x150.jpg 150w\" sizes=\"auto, (max-width: 604px) 100vw, 604px\" \/><\/figure><div class=\"wp-block-media-text__content\">\n<h2 class=\"wp-block-heading\">Karin Stoll<\/h2>\n\n\n\n<p>Karin \u00e9tait la meilleure amie de Tanja. Elle lui a apport\u00e9 une force et un soutien incroyables au cours des derniers mois. Karin a jou\u00e9 au unihockey avec Tanja \u00e0 Adliswil, puis \u00e0 Rotkreuz. Depuis 2024, elle est vice-pr\u00e9sidente de la ligue r\u00e9gionale de swiss unihockey.<\/p>\n<\/div><\/div>\n\n\n\n<p><\/p>\n\n<\/div>\n    <\/div>\n<\/section>\n\n<section class=\"wham-block-section\">\n    <div class=\"section-inner size-medium\">\n         <div class=\"acf-innerblocks-container\">\n<div class=\"teaser\">\n    <div class=\"teaser__wrapper\">\n        <div class=\"teaser__header\">\n            <h2>Comment pouvons-nous t\u2019aider ?<\/h2>\n        <\/div>\n        <div class=\"teaser__inner\">\n            <div class=\"teaser__left\">\n                <h4>Contact<\/h4>\n                <p>Contacte-nous pour obtenir de l\u2019aide ou pour clarifier tes questions.<\/p>\n                <div class=\"buttons\">\n                    <div class=\"button\">\n                        <a href=\"1548\" class=\"button__link\" aria-label=\"Zur Seite Contact\">\n                            Contact\n                        <\/a>\n                    <\/div>\n                <\/div>\n            <\/div>\n            <div class=\"teaser__spacer\"><\/div>\n            <div class=\"teaser__right\">\n                <h4>FAQ<\/h4>\n                <p>Parcourez notre FAQ pour trouver les r\u00e9ponses aux questions les plus fr\u00e9quemment pos\u00e9es.<\/p>\n                <div class=\"buttons\">\n                    <div class=\"button outline\">\n                        <a href=\"1546\" class=\"button__link\" aria-label=\"Zur Seite FAQ\">\n                            FAQ\n                        <\/a>\n                    <\/div>\n                <\/div>\n            <\/div>\n        <\/div>\n    <\/div>\n<\/div>\n\n<\/div>\n    <\/div>\n<\/section>","protected":false},"excerpt":{"rendered":"","protected":false},"author":1,"featured_media":0,"parent":0,"menu_order":0,"comment_status":"closed","ping_status":"closed","template":"","meta":{"_acf_changed":false,"footnotes":""},"class_list":["post-1570","page","type-page","status-publish","hentry"],"acf":[],"yoast_head":"<!-- This site is optimized with the Yoast SEO plugin v25.9 - https:\/\/yoast.com\/wordpress\/plugins\/seo\/ -->\n<title>Commission d&#039;honneur - Goldene Schildkr\u00f6te<\/title>\n<meta name=\"robots\" content=\"index, follow, max-snippet:-1, max-image-preview:large, max-video-preview:-1\" \/>\n<link rel=\"canonical\" href=\"https:\/\/goldeneschildkroete.ch\/fr\/commission-dhonneur\/\" \/>\n<meta property=\"og:locale\" content=\"fr_FR\" \/>\n<meta property=\"og:type\" content=\"article\" \/>\n<meta property=\"og:title\" content=\"Commission d&#039;honneur - Goldene Schildkr\u00f6te\" \/>\n<meta property=\"og:url\" content=\"https:\/\/goldeneschildkroete.ch\/fr\/commission-dhonneur\/\" \/>\n<meta property=\"og:site_name\" content=\"Goldene Schildkr\u00f6te\" \/>\n<meta property=\"article:modified_time\" content=\"2025-05-19T16:08:23+00:00\" \/>\n<meta property=\"og:image\" content=\"https:\/\/goldeneschildkroete.ch\/wp-content\/uploads\/2025\/03\/Referat-2022_Foto4.jpeg\" \/>\n\t<meta property=\"og:image:width\" content=\"2048\" \/>\n\t<meta property=\"og:image:height\" content=\"1416\" \/>\n\t<meta property=\"og:image:type\" content=\"image\/jpeg\" \/>\n<meta name=\"twitter:card\" content=\"summary_large_image\" \/>\n<meta name=\"twitter:label1\" content=\"Dur\u00e9e de lecture estim\u00e9e\" \/>\n\t<meta name=\"twitter:data1\" content=\"5 minutes\" \/>\n<script type=\"application\/ld+json\" class=\"yoast-schema-graph\">{\"@context\":\"https:\/\/schema.org\",\"@graph\":[{\"@type\":\"WebPage\",\"@id\":\"https:\/\/goldeneschildkroete.ch\/fr\/commission-dhonneur\/\",\"url\":\"https:\/\/goldeneschildkroete.ch\/fr\/commission-dhonneur\/\",\"name\":\"Commission d'honneur - Goldene Schildkr\u00f6te\",\"isPartOf\":{\"@id\":\"https:\/\/goldeneschildkroete.ch\/fr\/#website\"},\"primaryImageOfPage\":{\"@id\":\"https:\/\/goldeneschildkroete.ch\/fr\/commission-dhonneur\/#primaryimage\"},\"image\":{\"@id\":\"https:\/\/goldeneschildkroete.ch\/fr\/commission-dhonneur\/#primaryimage\"},\"thumbnailUrl\":\"https:\/\/goldeneschildkroete.ch\/wp-content\/uploads\/2025\/03\/Referat-2022_Foto4-1024x708.jpeg\",\"datePublished\":\"2024-12-26T12:44:00+00:00\",\"dateModified\":\"2025-05-19T16:08:23+00:00\",\"breadcrumb\":{\"@id\":\"https:\/\/goldeneschildkroete.ch\/fr\/commission-dhonneur\/#breadcrumb\"},\"inLanguage\":\"fr-FR\",\"potentialAction\":[{\"@type\":\"ReadAction\",\"target\":[\"https:\/\/goldeneschildkroete.ch\/fr\/commission-dhonneur\/\"]}]},{\"@type\":\"ImageObject\",\"inLanguage\":\"fr-FR\",\"@id\":\"https:\/\/goldeneschildkroete.ch\/fr\/commission-dhonneur\/#primaryimage\",\"url\":\"https:\/\/goldeneschildkroete.ch\/wp-content\/uploads\/2025\/03\/Referat-2022_Foto4-1024x708.jpeg\",\"contentUrl\":\"https:\/\/goldeneschildkroete.ch\/wp-content\/uploads\/2025\/03\/Referat-2022_Foto4-1024x708.jpeg\"},{\"@type\":\"BreadcrumbList\",\"@id\":\"https:\/\/goldeneschildkroete.ch\/fr\/commission-dhonneur\/#breadcrumb\",\"itemListElement\":[{\"@type\":\"ListItem\",\"position\":1,\"name\":\"Startseite\",\"item\":\"https:\/\/goldeneschildkroete.ch\/fr\/\"},{\"@type\":\"ListItem\",\"position\":2,\"name\":\"Commission d&#8217;honneur\"}]},{\"@type\":\"WebSite\",\"@id\":\"https:\/\/goldeneschildkroete.ch\/fr\/#website\",\"url\":\"https:\/\/goldeneschildkroete.ch\/fr\/\",\"name\":\"Goldene Schildkr\u00f6te\",\"description\":\"\",\"publisher\":{\"@id\":\"https:\/\/goldeneschildkroete.ch\/fr\/#organization\"},\"potentialAction\":[{\"@type\":\"SearchAction\",\"target\":{\"@type\":\"EntryPoint\",\"urlTemplate\":\"https:\/\/goldeneschildkroete.ch\/fr\/?s={search_term_string}\"},\"query-input\":{\"@type\":\"PropertyValueSpecification\",\"valueRequired\":true,\"valueName\":\"search_term_string\"}}],\"inLanguage\":\"fr-FR\"},{\"@type\":\"Organization\",\"@id\":\"https:\/\/goldeneschildkroete.ch\/fr\/#organization\",\"name\":\"Goldene Schildkr\u00f6te\",\"url\":\"https:\/\/goldeneschildkroete.ch\/fr\/\",\"logo\":{\"@type\":\"ImageObject\",\"inLanguage\":\"fr-FR\",\"@id\":\"https:\/\/goldeneschildkroete.ch\/fr\/#\/schema\/logo\/image\/\",\"url\":\"https:\/\/goldeneschildkroete.ch\/wp-content\/uploads\/2024\/11\/Goldene-Schildkroete_POS_1F_RGB_100.svg\",\"contentUrl\":\"https:\/\/goldeneschildkroete.ch\/wp-content\/uploads\/2024\/11\/Goldene-Schildkroete_POS_1F_RGB_100.svg\",\"caption\":\"Goldene Schildkr\u00f6te\"},\"image\":{\"@id\":\"https:\/\/goldeneschildkroete.ch\/fr\/#\/schema\/logo\/image\/\"}}]}<\/script>\n<!-- \/ Yoast SEO plugin. -->","yoast_head_json":{"title":"Commission d'honneur - Goldene Schildkr\u00f6te","robots":{"index":"index","follow":"follow","max-snippet":"max-snippet:-1","max-image-preview":"max-image-preview:large","max-video-preview":"max-video-preview:-1"},"canonical":"https:\/\/goldeneschildkroete.ch\/fr\/commission-dhonneur\/","og_locale":"fr_FR","og_type":"article","og_title":"Commission d'honneur - Goldene Schildkr\u00f6te","og_url":"https:\/\/goldeneschildkroete.ch\/fr\/commission-dhonneur\/","og_site_name":"Goldene Schildkr\u00f6te","article_modified_time":"2025-05-19T16:08:23+00:00","og_image":[{"width":2048,"height":1416,"url":"https:\/\/goldeneschildkroete.ch\/wp-content\/uploads\/2025\/03\/Referat-2022_Foto4.jpeg","type":"image\/jpeg"}],"twitter_card":"summary_large_image","twitter_misc":{"Dur\u00e9e de lecture estim\u00e9e":"5 minutes"},"schema":{"@context":"https:\/\/schema.org","@graph":[{"@type":"WebPage","@id":"https:\/\/goldeneschildkroete.ch\/fr\/commission-dhonneur\/","url":"https:\/\/goldeneschildkroete.ch\/fr\/commission-dhonneur\/","name":"Commission d'honneur - Goldene Schildkr\u00f6te","isPartOf":{"@id":"https:\/\/goldeneschildkroete.ch\/fr\/#website"},"primaryImageOfPage":{"@id":"https:\/\/goldeneschildkroete.ch\/fr\/commission-dhonneur\/#primaryimage"},"image":{"@id":"https:\/\/goldeneschildkroete.ch\/fr\/commission-dhonneur\/#primaryimage"},"thumbnailUrl":"https:\/\/goldeneschildkroete.ch\/wp-content\/uploads\/2025\/03\/Referat-2022_Foto4-1024x708.jpeg","datePublished":"2024-12-26T12:44:00+00:00","dateModified":"2025-05-19T16:08:23+00:00","breadcrumb":{"@id":"https:\/\/goldeneschildkroete.ch\/fr\/commission-dhonneur\/#breadcrumb"},"inLanguage":"fr-FR","potentialAction":[{"@type":"ReadAction","target":["https:\/\/goldeneschildkroete.ch\/fr\/commission-dhonneur\/"]}]},{"@type":"ImageObject","inLanguage":"fr-FR","@id":"https:\/\/goldeneschildkroete.ch\/fr\/commission-dhonneur\/#primaryimage","url":"https:\/\/goldeneschildkroete.ch\/wp-content\/uploads\/2025\/03\/Referat-2022_Foto4-1024x708.jpeg","contentUrl":"https:\/\/goldeneschildkroete.ch\/wp-content\/uploads\/2025\/03\/Referat-2022_Foto4-1024x708.jpeg"},{"@type":"BreadcrumbList","@id":"https:\/\/goldeneschildkroete.ch\/fr\/commission-dhonneur\/#breadcrumb","itemListElement":[{"@type":"ListItem","position":1,"name":"Startseite","item":"https:\/\/goldeneschildkroete.ch\/fr\/"},{"@type":"ListItem","position":2,"name":"Commission d&#8217;honneur"}]},{"@type":"WebSite","@id":"https:\/\/goldeneschildkroete.ch\/fr\/#website","url":"https:\/\/goldeneschildkroete.ch\/fr\/","name":"Goldene Schildkr\u00f6te","description":"","publisher":{"@id":"https:\/\/goldeneschildkroete.ch\/fr\/#organization"},"potentialAction":[{"@type":"SearchAction","target":{"@type":"EntryPoint","urlTemplate":"https:\/\/goldeneschildkroete.ch\/fr\/?s={search_term_string}"},"query-input":{"@type":"PropertyValueSpecification","valueRequired":true,"valueName":"search_term_string"}}],"inLanguage":"fr-FR"},{"@type":"Organization","@id":"https:\/\/goldeneschildkroete.ch\/fr\/#organization","name":"Goldene Schildkr\u00f6te","url":"https:\/\/goldeneschildkroete.ch\/fr\/","logo":{"@type":"ImageObject","inLanguage":"fr-FR","@id":"https:\/\/goldeneschildkroete.ch\/fr\/#\/schema\/logo\/image\/","url":"https:\/\/goldeneschildkroete.ch\/wp-content\/uploads\/2024\/11\/Goldene-Schildkroete_POS_1F_RGB_100.svg","contentUrl":"https:\/\/goldeneschildkroete.ch\/wp-content\/uploads\/2024\/11\/Goldene-Schildkroete_POS_1F_RGB_100.svg","caption":"Goldene Schildkr\u00f6te"},"image":{"@id":"https:\/\/goldeneschildkroete.ch\/fr\/#\/schema\/logo\/image\/"}}]}},"_links":{"self":[{"href":"https:\/\/goldeneschildkroete.ch\/fr\/wp-json\/wp\/v2\/pages\/1570","targetHints":{"allow":["GET"]}}],"collection":[{"href":"https:\/\/goldeneschildkroete.ch\/fr\/wp-json\/wp\/v2\/pages"}],"about":[{"href":"https:\/\/goldeneschildkroete.ch\/fr\/wp-json\/wp\/v2\/types\/page"}],"author":[{"embeddable":true,"href":"https:\/\/goldeneschildkroete.ch\/fr\/wp-json\/wp\/v2\/users\/1"}],"replies":[{"embeddable":true,"href":"https:\/\/goldeneschildkroete.ch\/fr\/wp-json\/wp\/v2\/comments?post=1570"}],"version-history":[{"count":7,"href":"https:\/\/goldeneschildkroete.ch\/fr\/wp-json\/wp\/v2\/pages\/1570\/revisions"}],"predecessor-version":[{"id":1655,"href":"https:\/\/goldeneschildkroete.ch\/fr\/wp-json\/wp\/v2\/pages\/1570\/revisions\/1655"}],"wp:attachment":[{"href":"https:\/\/goldeneschildkroete.ch\/fr\/wp-json\/wp\/v2\/media?parent=1570"}],"curies":[{"name":"wp","href":"https:\/\/api.w.org\/{rel}","templated":true}]}}